{"id":2230,"date":"2018-08-10T11:53:48","date_gmt":"2018-08-10T14:53:48","guid":{"rendered":"http:\/\/www.profiautos.com.br\/novosite\/?post_type=product&#038;p=2230"},"modified":"2020-08-18T15:10:04","modified_gmt":"2020-08-18T18:10:04","slug":"pegador-de-pecas-com-ima","status":"publish","type":"product","link":"https:\/\/www.profiautos.com.br\/novosite\/produto\/pegador-de-pecas-com-ima\/","title":{"rendered":"PEGADOR DE PE\u00c7AS COM IM\u00c3"},"content":{"rendered":"<ul>\n<li>PARA INFORMA\u00c7\u00d5ES DE VALORES , (85) 9 8732-1854 OU (85) 3034-1103<\/li>\n<\/ul>\n<p>&nbsp;<\/p>\n<ul>\n<li>\u00a0 \u00a0 \u00a0 \u00a0 \u00a0 \u00a0 \u00a0 \u00a0 \u00a0 \u00a0 \u00a0 \u00a0 \u00a0 \u00a0 \u00a0 \u00a0 \u00a0 \u00a0 \u00a0 \u00a0 \u00a0 \u00a0 \u00a0 \u00a0 \u00a0 \u00a0 \u00a0 \u00a0 \u00a0PEGADOR DE PE\u00c7AS<br \/>\nPegador de pe\u00e7as com im\u00e3, ideal para alcance de pequenas pe\u00e7as met\u00e1licas.<br \/>\nMarca: EDACaracter\u00edsticas:<br \/>\n-Cor: Prata.<br \/>\n-Material: A\u00e7o, ferro e im\u00e3.<br \/>\n-Peso: 39g.<br \/>\n-Along\u00e1vel at\u00e9 46cm.<\/p>\n<p>Conte\u00fado:<br \/>\n-1 Pegador de pe\u00e7as com im\u00e3.<\/p>\n<p>Aplica\u00e7\u00e3o: Ideal para alcance de pe\u00e7as met\u00e1licas com dif\u00edcil localiza\u00e7\u00e3o.<\/p>\n<p>C\u00f3digo: 8AL<\/li>\n<\/ul>\n","protected":false},"excerpt":{"rendered":"<p>PARA INFORMA\u00c7\u00d5ES DE VALORES , (85) 9 8732-1854 OU (85) 3034-1103 &nbsp; \u00a0 \u00a0 \u00a0 \u00a0 \u00a0 \u00a0 \u00a0 \u00a0 \u00a0 \u00a0 \u00a0 \u00a0 \u00a0 \u00a0 \u00a0 \u00a0 \u00a0 \u00a0 \u00a0 \u00a0 \u00a0 \u00a0 \u00a0 \u00a0 \u00a0 \u00a0 \u00a0 \u00a0 \u00a0PEGADOR DE PE\u00c7AS Pegador de pe\u00e7as com im\u00e3, ideal para alcance de pequenas pe\u00e7as met\u00e1licas. [&hellip;]<\/p>\n","protected":false},"featured_media":2231,"template":"","meta":{"_exactmetrics_skip_tracking":false,"_exactmetrics_sitenote_active":false,"_exactmetrics_sitenote_note":"","_exactmetrics_sitenote_category":0},"product_cat":[25],"product_tag":[],"class_list":{"0":"post-2230","1":"product","2":"type-product","3":"status-publish","4":"has-post-thumbnail","6":"product_cat-especiais","8":"first","9":"instock","10":"taxable","11":"shipping-taxable","12":"product-type-simple"},"_links":{"self":[{"href":"https:\/\/www.profiautos.com.br\/novosite\/wp-json\/wp\/v2\/product\/2230"}],"collection":[{"href":"https:\/\/www.profiautos.com.br\/novosite\/wp-json\/wp\/v2\/product"}],"about":[{"href":"https:\/\/www.profiautos.com.br\/novosite\/wp-json\/wp\/v2\/types\/product"}],"wp:featuredmedia":[{"embeddable":true,"href":"https:\/\/www.profiautos.com.br\/novosite\/wp-json\/wp\/v2\/media\/2231"}],"wp:attachment":[{"href":"https:\/\/www.profiautos.com.br\/novosite\/wp-json\/wp\/v2\/media?parent=2230"}],"wp:term":[{"taxonomy":"product_cat","embeddable":true,"href":"https:\/\/www.profiautos.com.br\/novosite\/wp-json\/wp\/v2\/product_cat?post=2230"},{"taxonomy":"product_tag","embeddable":true,"href":"https:\/\/www.profiautos.com.br\/novosite\/wp-json\/wp\/v2\/product_tag?post=2230"}],"curies":[{"name":"wp","href":"https:\/\/api.w.org\/{rel}","templated":true}]}}