{"id":2215,"date":"2018-08-09T15:25:53","date_gmt":"2018-08-09T18:25:53","guid":{"rendered":"http:\/\/www.profiautos.com.br\/novosite\/?post_type=product&#038;p=2215"},"modified":"2021-07-08T09:43:12","modified_gmt":"2021-07-08T12:43:12","slug":"pulverizador-com-gatilho-de-750-ml","status":"publish","type":"product","link":"https:\/\/www.profiautos.com.br\/novosite\/produto\/pulverizador-com-gatilho-de-750-ml\/","title":{"rendered":"PULVERIZADOR COM GATILHO DE 750 ML"},"content":{"rendered":"<p>Caneca 750ml &#8211; Pulverizador injetado em mat\u00e9ria-prima de alta resist\u00eancia para suc\u00e7\u00e3o e pulveriza\u00e7\u00e3o de l\u00edquidos. Utilizado em postos de servi\u00e7o, agricultura, etc. Componentes met\u00e1licos fabricados em lat\u00e3o, zamac e a\u00e7o (gatilho).<\/p>\n","protected":false},"excerpt":{"rendered":"<p>Caneca 750ml &#8211; Pulverizador injetado em mat\u00e9ria-prima de alta resist\u00eancia para suc\u00e7\u00e3o e pulveriza\u00e7\u00e3o de l\u00edquidos. Utilizado em postos de servi\u00e7o, agricultura, etc. Componentes met\u00e1licos fabricados em lat\u00e3o, zamac e a\u00e7o (gatilho).<\/p>\n","protected":false},"featured_media":2216,"template":"","meta":{"_exactmetrics_skip_tracking":false,"_exactmetrics_sitenote_active":false,"_exactmetrics_sitenote_note":"","_exactmetrics_sitenote_category":0},"product_cat":[50],"product_tag":[],"class_list":{"0":"post-2215","1":"product","2":"type-product","3":"status-publish","4":"has-post-thumbnail","6":"product_cat-pintura","8":"first","9":"instock","10":"taxable","11":"shipping-taxable","12":"product-type-simple"},"_links":{"self":[{"href":"https:\/\/www.profiautos.com.br\/novosite\/wp-json\/wp\/v2\/product\/2215"}],"collection":[{"href":"https:\/\/www.profiautos.com.br\/novosite\/wp-json\/wp\/v2\/product"}],"about":[{"href":"https:\/\/www.profiautos.com.br\/novosite\/wp-json\/wp\/v2\/types\/product"}],"wp:featuredmedia":[{"embeddable":true,"href":"https:\/\/www.profiautos.com.br\/novosite\/wp-json\/wp\/v2\/media\/2216"}],"wp:attachment":[{"href":"https:\/\/www.profiautos.com.br\/novosite\/wp-json\/wp\/v2\/media?parent=2215"}],"wp:term":[{"taxonomy":"product_cat","embeddable":true,"href":"https:\/\/www.profiautos.com.br\/novosite\/wp-json\/wp\/v2\/product_cat?post=2215"},{"taxonomy":"product_tag","embeddable":true,"href":"https:\/\/www.profiautos.com.br\/novosite\/wp-json\/wp\/v2\/product_tag?post=2215"}],"curies":[{"name":"wp","href":"https:\/\/api.w.org\/{rel}","templated":true}]}}