{"id":2213,"date":"2018-08-09T13:40:14","date_gmt":"2018-08-09T16:40:14","guid":{"rendered":"http:\/\/www.profiautos.com.br\/novosite\/?post_type=product&#038;p=2213"},"modified":"2021-07-08T09:43:19","modified_gmt":"2021-07-08T12:43:19","slug":"pulverizador-gatilho-com-mangueira-de-20-cm","status":"publish","type":"product","link":"https:\/\/www.profiautos.com.br\/novosite\/produto\/pulverizador-gatilho-com-mangueira-de-20-cm\/","title":{"rendered":"PULVERIZADOR GATILHO COM MANGUEIRA DE 20 CM"},"content":{"rendered":"<ul>\n<li>PULVERIZADOR ACIONADO POR GATILHO ROSCA F\u00caMEA 1\/4&#8243; BSP ARC-PL-05 &#8211; ARCOM<\/li>\n<\/ul>\n<p>Marca: ARC-DAL<\/p>\n<p>Categoria: Schweers<\/p>\n<p>Pulverizador Acionado por Gatilho<\/p>\n<p>Rosca F\u00eamea 1\/4&#8243; BSP<\/p>\n<p>Mangueira de Suc\u00e7\u00e3o 20 cm<\/p>\n<p>C\u00f3digo:\u00a0 ARC-PL-05 .<\/p>\n","protected":false},"excerpt":{"rendered":"<p>PULVERIZADOR ACIONADO POR GATILHO ROSCA F\u00caMEA 1\/4&#8243; BSP ARC-PL-05 &#8211; ARCOM Marca: ARC-DAL Categoria: Schweers Pulverizador Acionado por Gatilho Rosca F\u00eamea 1\/4&#8243; BSP Mangueira de Suc\u00e7\u00e3o 20 cm C\u00f3digo:\u00a0 ARC-PL-05 .<\/p>\n","protected":false},"featured_media":2214,"template":"","meta":{"_exactmetrics_skip_tracking":false,"_exactmetrics_sitenote_active":false,"_exactmetrics_sitenote_note":"","_exactmetrics_sitenote_category":0},"product_cat":[50],"product_tag":[],"class_list":{"0":"post-2213","1":"product","2":"type-product","3":"status-publish","4":"has-post-thumbnail","6":"product_cat-pintura","8":"first","9":"instock","10":"taxable","11":"shipping-taxable","12":"product-type-simple"},"_links":{"self":[{"href":"https:\/\/www.profiautos.com.br\/novosite\/wp-json\/wp\/v2\/product\/2213"}],"collection":[{"href":"https:\/\/www.profiautos.com.br\/novosite\/wp-json\/wp\/v2\/product"}],"about":[{"href":"https:\/\/www.profiautos.com.br\/novosite\/wp-json\/wp\/v2\/types\/product"}],"wp:featuredmedia":[{"embeddable":true,"href":"https:\/\/www.profiautos.com.br\/novosite\/wp-json\/wp\/v2\/media\/2214"}],"wp:attachment":[{"href":"https:\/\/www.profiautos.com.br\/novosite\/wp-json\/wp\/v2\/media?parent=2213"}],"wp:term":[{"taxonomy":"product_cat","embeddable":true,"href":"https:\/\/www.profiautos.com.br\/novosite\/wp-json\/wp\/v2\/product_cat?post=2213"},{"taxonomy":"product_tag","embeddable":true,"href":"https:\/\/www.profiautos.com.br\/novosite\/wp-json\/wp\/v2\/product_tag?post=2213"}],"curies":[{"name":"wp","href":"https:\/\/api.w.org\/{rel}","templated":true}]}}