{"id":2207,"date":"2018-08-09T13:13:06","date_gmt":"2018-08-09T16:13:06","guid":{"rendered":"http:\/\/www.profiautos.com.br\/novosite\/?post_type=product&#038;p=2207"},"modified":"2021-07-08T09:45:00","modified_gmt":"2021-07-08T12:45:00","slug":"pistola-de-pintura-1-4-mm-gravitacional","status":"publish","type":"product","link":"https:\/\/www.profiautos.com.br\/novosite\/produto\/pistola-de-pintura-1-4-mm-gravitacional\/","title":{"rendered":"PISTOLA DE PINTURA &#8211; 1.4 MM GRAVITACIONAL"},"content":{"rendered":"<p>&#8211;\u00a0 \u00a0Pistola Pintura com tecnologia HVLP(Alto Volume com Baixa Press\u00e3o) que proporciona nelhor acabamento final, com melhor atomiza\u00e7\u00e3o da tinta em rela\u00e7\u00e3o ao sistema convencional.<br \/>\nRedu\u00e7\u00e3o de over spray (n\u00e9voa) e at\u00e9 20% de economia de tinta.<br \/>\nIdeal para repintura automotiva onde se deseja \u00f3timo acabamento,com baixo custo operacional e manuten\u00e7\u00e3o<\/p>\n<p>* Tipo:Gravidade<br \/>\n* Capacidade caneca : 600ml<br \/>\n* Entrada ar:1\/4<br \/>\n* Consumo de ar(l\/m) : 240<br \/>\n* Press\u00e3o trabalho:30 a 50 libras<br \/>\n* Bico\/agulha em a\u00e7o inox: 1.4 mm (consumo 6 p\u00e9s cubicos \/min ) + pincel limpeza,chave e filtro .<\/p>\n","protected":false},"excerpt":{"rendered":"<p>&#8211;\u00a0 \u00a0Pistola Pintura com tecnologia HVLP(Alto Volume com Baixa Press\u00e3o) que proporciona nelhor acabamento final, com melhor atomiza\u00e7\u00e3o da tinta em rela\u00e7\u00e3o ao sistema convencional. Redu\u00e7\u00e3o de over spray (n\u00e9voa) e at\u00e9 20% de economia de tinta. Ideal para repintura automotiva onde se deseja \u00f3timo acabamento,com baixo custo operacional e manuten\u00e7\u00e3o * Tipo:Gravidade * Capacidade [&hellip;]<\/p>\n","protected":false},"featured_media":2208,"template":"","meta":{"_exactmetrics_skip_tracking":false,"_exactmetrics_sitenote_active":false,"_exactmetrics_sitenote_note":"","_exactmetrics_sitenote_category":0},"product_cat":[50],"product_tag":[],"class_list":{"0":"post-2207","1":"product","2":"type-product","3":"status-publish","4":"has-post-thumbnail","6":"product_cat-pintura","8":"first","9":"instock","10":"taxable","11":"shipping-taxable","12":"product-type-simple"},"_links":{"self":[{"href":"https:\/\/www.profiautos.com.br\/novosite\/wp-json\/wp\/v2\/product\/2207"}],"collection":[{"href":"https:\/\/www.profiautos.com.br\/novosite\/wp-json\/wp\/v2\/product"}],"about":[{"href":"https:\/\/www.profiautos.com.br\/novosite\/wp-json\/wp\/v2\/types\/product"}],"wp:featuredmedia":[{"embeddable":true,"href":"https:\/\/www.profiautos.com.br\/novosite\/wp-json\/wp\/v2\/media\/2208"}],"wp:attachment":[{"href":"https:\/\/www.profiautos.com.br\/novosite\/wp-json\/wp\/v2\/media?parent=2207"}],"wp:term":[{"taxonomy":"product_cat","embeddable":true,"href":"https:\/\/www.profiautos.com.br\/novosite\/wp-json\/wp\/v2\/product_cat?post=2207"},{"taxonomy":"product_tag","embeddable":true,"href":"https:\/\/www.profiautos.com.br\/novosite\/wp-json\/wp\/v2\/product_tag?post=2207"}],"curies":[{"name":"wp","href":"https:\/\/api.w.org\/{rel}","templated":true}]}}