{"id":2147,"date":"2018-07-13T15:43:49","date_gmt":"2018-07-13T18:43:49","guid":{"rendered":"http:\/\/www.profiautos.com.br\/novosite\/?post_type=product&#038;p=2147"},"modified":"2021-07-08T09:45:32","modified_gmt":"2021-07-08T12:45:32","slug":"extrator-saca-volante-da-titan-150","status":"publish","type":"product","link":"https:\/\/www.profiautos.com.br\/novosite\/produto\/extrator-saca-volante-da-titan-150\/","title":{"rendered":"EXTRATOR SACA VOLANTE DA TITAN 150 ."},"content":{"rendered":"<ul>\n<li><a class=\"TextoPadrao\">Usado para remover o volante do magneto.<\/a>&#8211; Deve ser usado em conjunto com um protetor de virabrequim para n\u00e3o danificar o furo de centro do virabrequim.- Constru\u00eddo em a\u00e7o SAE 1045<br \/>\n&#8211; Temperado<br \/>\n&#8211; Rosca M33x1.5<br \/>\n&#8211; Acabamento oxidado preto<br \/>\n&#8211; Alta resist\u00eancia<\/li>\n<\/ul>\n","protected":false},"excerpt":{"rendered":"<p>Usado para remover o volante do magneto.&#8211; Deve ser usado em conjunto com um protetor de virabrequim para n\u00e3o danificar o furo de centro do virabrequim.- Constru\u00eddo em a\u00e7o SAE 1045 &#8211; Temperado &#8211; Rosca M33x1.5 &#8211; Acabamento oxidado preto &#8211; Alta resist\u00eancia<\/p>\n","protected":false},"featured_media":2148,"template":"","meta":{"_exactmetrics_skip_tracking":false,"_exactmetrics_sitenote_active":false,"_exactmetrics_sitenote_note":"","_exactmetrics_sitenote_category":0},"product_cat":[30],"product_tag":[],"class_list":{"0":"post-2147","1":"product","2":"type-product","3":"status-publish","4":"has-post-thumbnail","6":"product_cat-ferramentas","8":"first","9":"instock","10":"taxable","11":"shipping-taxable","12":"product-type-simple"},"_links":{"self":[{"href":"https:\/\/www.profiautos.com.br\/novosite\/wp-json\/wp\/v2\/product\/2147"}],"collection":[{"href":"https:\/\/www.profiautos.com.br\/novosite\/wp-json\/wp\/v2\/product"}],"about":[{"href":"https:\/\/www.profiautos.com.br\/novosite\/wp-json\/wp\/v2\/types\/product"}],"wp:featuredmedia":[{"embeddable":true,"href":"https:\/\/www.profiautos.com.br\/novosite\/wp-json\/wp\/v2\/media\/2148"}],"wp:attachment":[{"href":"https:\/\/www.profiautos.com.br\/novosite\/wp-json\/wp\/v2\/media?parent=2147"}],"wp:term":[{"taxonomy":"product_cat","embeddable":true,"href":"https:\/\/www.profiautos.com.br\/novosite\/wp-json\/wp\/v2\/product_cat?post=2147"},{"taxonomy":"product_tag","embeddable":true,"href":"https:\/\/www.profiautos.com.br\/novosite\/wp-json\/wp\/v2\/product_tag?post=2147"}],"curies":[{"name":"wp","href":"https:\/\/api.w.org\/{rel}","templated":true}]}}