{"id":2128,"date":"2020-08-18T16:41:17","date_gmt":"2020-08-18T19:41:17","guid":{"rendered":"http:\/\/www.profiautos.com.br\/novosite\/?post_type=product&#038;p=2128"},"modified":"2020-08-18T16:41:17","modified_gmt":"2020-08-18T19:41:17","slug":"ferramenta-de-ajuste-e-sincronismo-das-arvores-de-valvulas-dos-motores-gm-ecotec-1-8-16v","status":"publish","type":"product","link":"https:\/\/www.profiautos.com.br\/novosite\/produto\/ferramenta-de-ajuste-e-sincronismo-das-arvores-de-valvulas-dos-motores-gm-ecotec-1-8-16v\/","title":{"rendered":"FERRAMENTA DE AJUSTE E SINCRONISMO DAS ARVORES DE VALVULAS DOS MOTORES GM ECOTEC 1.8 16V"},"content":{"rendered":"<div>\n<p>PARA INFORMA\u00c7\u00d5ES DE VALORES , (85) 9 8732-1854 OU (85) 3034-1103<\/p>\n<p>&nbsp;<\/p>\n<\/div>\n<div>Ferramenta p\/ verifica\u00e7\u00e3o e ajuste sincronismo entre \u00e1rvores comando de v\u00e1lvulas 131009 Raven.<\/div>\n<div><\/div>\n<div>Ferramenta para verifica\u00e7\u00e3o e ajuste do sincronismo<\/div>\n<div>entre as \u00e1rvores de comando de v\u00e1lvulas (quando este se perde)<\/div>\n<div>dos motores GM 1.6 e 1.8 16V Ecotec aplicados no Cruze , Sonic e tracker (13 em diante ).<\/div>\n","protected":false},"excerpt":{"rendered":"<p>PARA INFORMA\u00c7\u00d5ES DE VALORES , (85) 9 8732-1854 OU (85) 3034-1103 &nbsp; Ferramenta p\/ verifica\u00e7\u00e3o e ajuste sincronismo entre \u00e1rvores comando de v\u00e1lvulas 131009 Raven. Ferramenta para verifica\u00e7\u00e3o e ajuste do sincronismo entre as \u00e1rvores de comando de v\u00e1lvulas (quando este se perde) dos motores GM 1.6 e 1.8 16V Ecotec aplicados no Cruze , [&hellip;]<\/p>\n","protected":false},"featured_media":2130,"template":"","meta":{"_exactmetrics_skip_tracking":false,"_exactmetrics_sitenote_active":false,"_exactmetrics_sitenote_note":"","_exactmetrics_sitenote_category":0},"product_cat":[30],"product_tag":[],"class_list":{"0":"post-2128","1":"product","2":"type-product","3":"status-publish","4":"has-post-thumbnail","6":"product_cat-ferramentas","8":"first","9":"instock","10":"taxable","11":"shipping-taxable","12":"product-type-simple"},"_links":{"self":[{"href":"https:\/\/www.profiautos.com.br\/novosite\/wp-json\/wp\/v2\/product\/2128"}],"collection":[{"href":"https:\/\/www.profiautos.com.br\/novosite\/wp-json\/wp\/v2\/product"}],"about":[{"href":"https:\/\/www.profiautos.com.br\/novosite\/wp-json\/wp\/v2\/types\/product"}],"wp:featuredmedia":[{"embeddable":true,"href":"https:\/\/www.profiautos.com.br\/novosite\/wp-json\/wp\/v2\/media\/2130"}],"wp:attachment":[{"href":"https:\/\/www.profiautos.com.br\/novosite\/wp-json\/wp\/v2\/media?parent=2128"}],"wp:term":[{"taxonomy":"product_cat","embeddable":true,"href":"https:\/\/www.profiautos.com.br\/novosite\/wp-json\/wp\/v2\/product_cat?post=2128"},{"taxonomy":"product_tag","embeddable":true,"href":"https:\/\/www.profiautos.com.br\/novosite\/wp-json\/wp\/v2\/product_tag?post=2128"}],"curies":[{"name":"wp","href":"https:\/\/api.w.org\/{rel}","templated":true}]}}