{"id":2112,"date":"2018-07-12T09:19:38","date_gmt":"2018-07-12T12:19:38","guid":{"rendered":"http:\/\/www.profiautos.com.br\/novosite\/?post_type=product&#038;p=2112"},"modified":"2021-07-08T09:45:44","modified_gmt":"2021-07-08T12:45:44","slug":"conjunto-de-pressao-do-teste-de-arrefecimento","status":"publish","type":"product","link":"https:\/\/www.profiautos.com.br\/novosite\/produto\/conjunto-de-pressao-do-teste-de-arrefecimento\/","title":{"rendered":"CONJUNTO DE PRESSAO DO TESTE DE ARREFECIMENTO"},"content":{"rendered":"<div class=\"vip-nav-bounds\">\n<div class=\"layout-main u-clearfix\">\n<div class=\"layout-col layout-col--left\">\n<section class=\"main-section item-description \">\n<div id=\"description-includes\" class=\"item-description__content \">\n<div class=\"item-description__text\">\n<p>Conjunto para teste do sistema de arrefecimento de autom\u00f3veis e utilit\u00e1rios. Possui bomba manual de grade dimens\u00e3o para agilizar a pressuriza\u00e7\u00e3o do sistema. Acompanha 04 adaptadores otimizados c\/ rosca nos 2 lados (fixa\u00e7\u00e3o \u00e0 tampa e ao bocal do reservat\u00f3rio). Compat\u00edvel com todos os adaptadores e acess\u00f3rios dos conjuntos 109651 e 109652.<\/p>\n<p>Composto por:<\/p>\n<p>01 &#8211; Bomba manual de press\u00e3o com man\u00f4metro de 0 a 4 bar com caixa de a\u00e7o;<br \/>\n01 &#8211; Mangueira longa flex\u00edvel com engate tipo click;<br \/>\n02 &#8211; Conectores de engate tipo click;<br \/>\n01 &#8211; Adaptador otimizado p\/ teste das linhas Ford e VW (Autolatina &#8211; 88 a 96);<br \/>\n01 &#8211; Adaptador otimizado p\/ teste das linhas GM (at\u00e9 2012) e Ford Zetec;<br \/>\n01 &#8211; Adaptador otimizado p\/ teste das linhas Fiat e Renault (modelos antigos);<br \/>\n01 &#8211; Adaptador Otimizado p\/ teste da linha VW Gera\u00e7\u00e3o III<br \/>\n01 &#8211; Bolsa e manual de instru\u00e7\u00f5es.<\/p>\n<p>Diversos outros conjuntos de adaptadores avulsos, podem ser adquiridos separadamente para completar o conjunto e atender os mais diversos ve\u00edculos do mercado.<\/p>\n<p>C\u00f3digo: 109671<\/p>\n<p>Marca: Raven<\/p>\n<\/div>\n<\/div>\n<\/section>\n<section class=\"vip-section-questions section-details main-section \" data-component=\"question\"><\/section>\n<\/div>\n<\/div>\n<div id=\"recommendationsCarousel-3\" class=\"carousel-common__section carousel-common--with-installments\">\n<section class=\"carousel-common__section\">\n<div class=\"vip-section-carousel\">\n<div class=\"async-carousel carousel-common__wrapper ch-carousel\" data-uid=\"5\">\n<div class=\"ch-carousel-next ch-user-no-select\" role=\"button\" aria-hidden=\"false\" aria-disabled=\"false\"><\/div>\n<\/div>\n<\/div>\n<\/section>\n<\/div>\n<\/div>\n<div class=\"nav-footer-access\"><\/div>\n","protected":false},"excerpt":{"rendered":"<p>Conjunto para teste do sistema de arrefecimento de autom\u00f3veis e utilit\u00e1rios. Possui bomba manual de grade dimens\u00e3o para agilizar a pressuriza\u00e7\u00e3o do sistema. Acompanha 04 adaptadores otimizados c\/ rosca nos 2 lados (fixa\u00e7\u00e3o \u00e0 tampa e ao bocal do reservat\u00f3rio). Compat\u00edvel com todos os adaptadores e acess\u00f3rios dos conjuntos 109651 e 109652. Composto por: 01 [&hellip;]<\/p>\n","protected":false},"featured_media":2113,"template":"","meta":{"_exactmetrics_skip_tracking":false,"_exactmetrics_sitenote_active":false,"_exactmetrics_sitenote_note":"","_exactmetrics_sitenote_category":0},"product_cat":[30],"product_tag":[],"class_list":{"0":"post-2112","1":"product","2":"type-product","3":"status-publish","4":"has-post-thumbnail","6":"product_cat-ferramentas","8":"first","9":"instock","10":"taxable","11":"shipping-taxable","12":"product-type-simple"},"_links":{"self":[{"href":"https:\/\/www.profiautos.com.br\/novosite\/wp-json\/wp\/v2\/product\/2112"}],"collection":[{"href":"https:\/\/www.profiautos.com.br\/novosite\/wp-json\/wp\/v2\/product"}],"about":[{"href":"https:\/\/www.profiautos.com.br\/novosite\/wp-json\/wp\/v2\/types\/product"}],"wp:featuredmedia":[{"embeddable":true,"href":"https:\/\/www.profiautos.com.br\/novosite\/wp-json\/wp\/v2\/media\/2113"}],"wp:attachment":[{"href":"https:\/\/www.profiautos.com.br\/novosite\/wp-json\/wp\/v2\/media?parent=2112"}],"wp:term":[{"taxonomy":"product_cat","embeddable":true,"href":"https:\/\/www.profiautos.com.br\/novosite\/wp-json\/wp\/v2\/product_cat?post=2112"},{"taxonomy":"product_tag","embeddable":true,"href":"https:\/\/www.profiautos.com.br\/novosite\/wp-json\/wp\/v2\/product_tag?post=2112"}],"curies":[{"name":"wp","href":"https:\/\/api.w.org\/{rel}","templated":true}]}}