{"id":2104,"date":"2018-07-12T08:32:57","date_gmt":"2018-07-12T11:32:57","guid":{"rendered":"http:\/\/www.profiautos.com.br\/novosite\/?post_type=product&#038;p=2104"},"modified":"2020-08-18T16:44:18","modified_gmt":"2020-08-18T19:44:18","slug":"chave-de-64-mm-para-filtro-de-oleo","status":"publish","type":"product","link":"https:\/\/www.profiautos.com.br\/novosite\/produto\/chave-de-64-mm-para-filtro-de-oleo\/","title":{"rendered":"Chave de 64 mm para Filtro de \u00d3leo do Corolla"},"content":{"rendered":"<p>PARA INFORMA\u00c7\u00d5ES DE VALORES , (85) 9 8732-1854 OU (85) 3034-1103<\/p>\n<p>&nbsp;<\/p>\n<p>\u2022 Chave especial para filtro de \u00f3leo<br \/>\n\u2022 Medida: 64 mm<br \/>\n\u2022 Acabamento cromado<\/p>\n<p>\u2022\u00a0<strong>Relacionamento com os ve\u00edculos:<\/strong><br \/>\n&#8211; Toyota, Honda e Nissan<\/p>\n<p>\u2022 Marca:\u00a0<strong>RAVEN<\/strong><\/p>\n","protected":false},"excerpt":{"rendered":"<p>PARA INFORMA\u00c7\u00d5ES DE VALORES , (85) 9 8732-1854 OU (85) 3034-1103 &nbsp; \u2022 Chave especial para filtro de \u00f3leo \u2022 Medida: 64 mm \u2022 Acabamento cromado \u2022\u00a0Relacionamento com os ve\u00edculos: &#8211; Toyota, Honda e Nissan \u2022 Marca:\u00a0RAVEN<\/p>\n","protected":false},"featured_media":2105,"template":"","meta":{"_exactmetrics_skip_tracking":false,"_exactmetrics_sitenote_active":false,"_exactmetrics_sitenote_note":"","_exactmetrics_sitenote_category":0},"product_cat":[30],"product_tag":[],"class_list":{"0":"post-2104","1":"product","2":"type-product","3":"status-publish","4":"has-post-thumbnail","6":"product_cat-ferramentas","8":"first","9":"instock","10":"taxable","11":"shipping-taxable","12":"product-type-simple"},"_links":{"self":[{"href":"https:\/\/www.profiautos.com.br\/novosite\/wp-json\/wp\/v2\/product\/2104"}],"collection":[{"href":"https:\/\/www.profiautos.com.br\/novosite\/wp-json\/wp\/v2\/product"}],"about":[{"href":"https:\/\/www.profiautos.com.br\/novosite\/wp-json\/wp\/v2\/types\/product"}],"wp:featuredmedia":[{"embeddable":true,"href":"https:\/\/www.profiautos.com.br\/novosite\/wp-json\/wp\/v2\/media\/2105"}],"wp:attachment":[{"href":"https:\/\/www.profiautos.com.br\/novosite\/wp-json\/wp\/v2\/media?parent=2104"}],"wp:term":[{"taxonomy":"product_cat","embeddable":true,"href":"https:\/\/www.profiautos.com.br\/novosite\/wp-json\/wp\/v2\/product_cat?post=2104"},{"taxonomy":"product_tag","embeddable":true,"href":"https:\/\/www.profiautos.com.br\/novosite\/wp-json\/wp\/v2\/product_tag?post=2104"}],"curies":[{"name":"wp","href":"https:\/\/api.w.org\/{rel}","templated":true}]}}