{"id":2097,"date":"2018-07-12T08:14:53","date_gmt":"2018-07-12T11:14:53","guid":{"rendered":"http:\/\/www.profiautos.com.br\/novosite\/?post_type=product&#038;p=2097"},"modified":"2020-08-18T16:45:07","modified_gmt":"2020-08-18T19:45:07","slug":"torquimetro-de-estalo-05-a-34-kgf-encaixe-de-3-8","status":"publish","type":"product","link":"https:\/\/www.profiautos.com.br\/novosite\/produto\/torquimetro-de-estalo-05-a-34-kgf-encaixe-de-3-8\/","title":{"rendered":"TORQU\u00cdMETRO DE ESTALO 0,5 A 3,4 KGF ENCAIXE DE 3\/8"},"content":{"rendered":"<p>PARA INFORMA\u00c7\u00d5ES DE VALORES , (85) 9 8732-1854 OU (85) 3034-1103<\/p>\n<p>&nbsp;<\/p>\n<p>Torqu\u00edmetro de estalo com encaixe de 3\/4&#8243; e escala com 4 unidades diferentes para ajuste do torque: de 20 a 82 Kgf.m(quilogr.\/for\u00e7a x metro); de 190 a 810 Nm(Newton x metro); de 140 a 6000 lb.ft(libra\/for\u00e7a x p\u00e9); de 1700 a 7100 lb.in(libra\/for\u00e7a x pol.); Compr. (mm): 1720<\/p>\n<div><\/div>\n<div>\n<p><strong>Caracter\u00edsticas t\u00e9cnicas:<\/strong><\/p>\n<p>&#8211; Quadrado: 3\/4&#8243;<br \/>\n&#8211; Kgf.m: 20 a 82<br \/>\n&#8211; Nm: 190 a 810<br \/>\n&#8211; Lb.ft: 140 a 600<br \/>\n&#8211; Lb.in: 1700 a 7100<br \/>\n&#8211; Comprimento: 1720 mm<br \/>\n&#8211; Peso: 7,7 kg<br \/>\n&#8211; Valor de uma divis\u00e3o na escala: 01 kgf.m; 10 Nm; 10 lb.ft; 100 lb.in;<\/p>\n<\/div>\n<div><\/div>\n<div><strong>Relacionado com a Ferramenta:<\/strong><\/div>\n<div><\/div>\n<div>&#8211; 100020 &#8211; Multiplicadora de torque carga m\u00e1xima de entrada de 455,6 lbs.ft \/ 617,8 Nm \/ 63 kgf.m &#8211; carga m\u00e1xima de sa\u00edda de 1820 lbs.ft \/ 2461,6 Nm \/ 251,0 kgf.m. Encaixe de entrada de 3\/4&#8243; e encaixe de sa\u00edda de 1&#8243;. Fator de multiplica\u00e7\u00e3o 1:4.<\/div>\n","protected":false},"excerpt":{"rendered":"<p>PARA INFORMA\u00c7\u00d5ES DE VALORES , (85) 9 8732-1854 OU (85) 3034-1103 &nbsp; Torqu\u00edmetro de estalo com encaixe de 3\/4&#8243; e escala com 4 unidades diferentes para ajuste do torque: de 20 a 82 Kgf.m(quilogr.\/for\u00e7a x metro); de 190 a 810 Nm(Newton x metro); de 140 a 6000 lb.ft(libra\/for\u00e7a x p\u00e9); de 1700 a 7100 lb.in(libra\/for\u00e7a [&hellip;]<\/p>\n","protected":false},"featured_media":2098,"template":"","meta":{"_exactmetrics_skip_tracking":false,"_exactmetrics_sitenote_active":false,"_exactmetrics_sitenote_note":"","_exactmetrics_sitenote_category":0},"product_cat":[30],"product_tag":[],"class_list":{"0":"post-2097","1":"product","2":"type-product","3":"status-publish","4":"has-post-thumbnail","6":"product_cat-ferramentas","8":"first","9":"instock","10":"taxable","11":"shipping-taxable","12":"product-type-simple"},"_links":{"self":[{"href":"https:\/\/www.profiautos.com.br\/novosite\/wp-json\/wp\/v2\/product\/2097"}],"collection":[{"href":"https:\/\/www.profiautos.com.br\/novosite\/wp-json\/wp\/v2\/product"}],"about":[{"href":"https:\/\/www.profiautos.com.br\/novosite\/wp-json\/wp\/v2\/types\/product"}],"wp:featuredmedia":[{"embeddable":true,"href":"https:\/\/www.profiautos.com.br\/novosite\/wp-json\/wp\/v2\/media\/2098"}],"wp:attachment":[{"href":"https:\/\/www.profiautos.com.br\/novosite\/wp-json\/wp\/v2\/media?parent=2097"}],"wp:term":[{"taxonomy":"product_cat","embeddable":true,"href":"https:\/\/www.profiautos.com.br\/novosite\/wp-json\/wp\/v2\/product_cat?post=2097"},{"taxonomy":"product_tag","embeddable":true,"href":"https:\/\/www.profiautos.com.br\/novosite\/wp-json\/wp\/v2\/product_tag?post=2097"}],"curies":[{"name":"wp","href":"https:\/\/api.w.org\/{rel}","templated":true}]}}