{"id":2081,"date":"2018-07-10T11:06:40","date_gmt":"2018-07-10T14:06:40","guid":{"rendered":"http:\/\/www.profiautos.com.br\/novosite\/?post_type=product&#038;p=2081"},"modified":"2020-08-18T16:45:51","modified_gmt":"2020-08-18T19:45:51","slug":"ferramenta-para-fasagem-dos-pistoes-do-fire-16v-felar-354a","status":"publish","type":"product","link":"https:\/\/www.profiautos.com.br\/novosite\/produto\/ferramenta-para-fasagem-dos-pistoes-do-fire-16v-felar-354a\/","title":{"rendered":"Ferramenta para Fasagem dos Pist\u00f5es do Fire 16V &#8211; Felar-354A"},"content":{"rendered":"<p>PARA INFORMA\u00c7\u00d5ES DE VALORES , (85) 9 8732-1854 OU (85) 3034-1103<\/p>\n<p>&nbsp;<\/p>\n<p>354\/A &#8211; Conjunto com 2 ferramentas para fasagem dos pist\u00f5es do motor FIRE 16V. (1.0 e 1.3)<\/p>\n","protected":false},"excerpt":{"rendered":"<p>PARA INFORMA\u00c7\u00d5ES DE VALORES , (85) 9 8732-1854 OU (85) 3034-1103 &nbsp; 354\/A &#8211; Conjunto com 2 ferramentas para fasagem dos pist\u00f5es do motor FIRE 16V. (1.0 e 1.3)<\/p>\n","protected":false},"featured_media":2083,"template":"","meta":{"_exactmetrics_skip_tracking":false,"_exactmetrics_sitenote_active":false,"_exactmetrics_sitenote_note":"","_exactmetrics_sitenote_category":0},"product_cat":[30],"product_tag":[],"class_list":{"0":"post-2081","1":"product","2":"type-product","3":"status-publish","4":"has-post-thumbnail","6":"product_cat-ferramentas","8":"first","9":"instock","10":"taxable","11":"shipping-taxable","12":"product-type-simple"},"_links":{"self":[{"href":"https:\/\/www.profiautos.com.br\/novosite\/wp-json\/wp\/v2\/product\/2081"}],"collection":[{"href":"https:\/\/www.profiautos.com.br\/novosite\/wp-json\/wp\/v2\/product"}],"about":[{"href":"https:\/\/www.profiautos.com.br\/novosite\/wp-json\/wp\/v2\/types\/product"}],"wp:featuredmedia":[{"embeddable":true,"href":"https:\/\/www.profiautos.com.br\/novosite\/wp-json\/wp\/v2\/media\/2083"}],"wp:attachment":[{"href":"https:\/\/www.profiautos.com.br\/novosite\/wp-json\/wp\/v2\/media?parent=2081"}],"wp:term":[{"taxonomy":"product_cat","embeddable":true,"href":"https:\/\/www.profiautos.com.br\/novosite\/wp-json\/wp\/v2\/product_cat?post=2081"},{"taxonomy":"product_tag","embeddable":true,"href":"https:\/\/www.profiautos.com.br\/novosite\/wp-json\/wp\/v2\/product_tag?post=2081"}],"curies":[{"name":"wp","href":"https:\/\/api.w.org\/{rel}","templated":true}]}}