{"id":2069,"date":"2018-07-09T14:54:16","date_gmt":"2018-07-09T17:54:16","guid":{"rendered":"http:\/\/www.profiautos.com.br\/novosite\/?post_type=product&#038;p=2069"},"modified":"2020-08-18T16:51:35","modified_gmt":"2020-08-18T19:51:35","slug":"chave-estriada-de-27-mm-para-refil-do-filtro-de-oleo","status":"publish","type":"product","link":"https:\/\/www.profiautos.com.br\/novosite\/produto\/chave-estriada-de-27-mm-para-refil-do-filtro-de-oleo\/","title":{"rendered":"CHAVE ESTRIADA DE 27 MM PARA REFIL DO FILTRO DE OLEO ."},"content":{"rendered":"<p>PARA INFORMA\u00c7\u00d5ES DE VALORES , (85) 9 8732-1854 OU (85) 3034-1103<\/p>\n<p>&nbsp;<\/p>\n<p>Chave estriada de 27mm indicada para troca de refil do filtro de \u00f3leo. Feita em material de qualidade para maior resist\u00eancia.<\/p>\n<p><strong>&#8211; Especifica\u00e7\u00f5es t\u00e9cnicas<\/strong>:<br \/>\n:: Peso: 0,11kg<br \/>\n:: Dimens\u00f5es: 15&#215;5,5x1cm<br \/>\n:: Para troca do refil do filtro de \u00f3leo<br \/>\n:: Chave estriada<\/p>\n","protected":false},"excerpt":{"rendered":"<p>PARA INFORMA\u00c7\u00d5ES DE VALORES , (85) 9 8732-1854 OU (85) 3034-1103 &nbsp; Chave estriada de 27mm indicada para troca de refil do filtro de \u00f3leo. Feita em material de qualidade para maior resist\u00eancia. &#8211; Especifica\u00e7\u00f5es t\u00e9cnicas: :: Peso: 0,11kg :: Dimens\u00f5es: 15&#215;5,5x1cm :: Para troca do refil do filtro de \u00f3leo :: Chave estriada<\/p>\n","protected":false},"featured_media":2070,"template":"","meta":{"_exactmetrics_skip_tracking":false,"_exactmetrics_sitenote_active":false,"_exactmetrics_sitenote_note":"","_exactmetrics_sitenote_category":0},"product_cat":[30],"product_tag":[],"class_list":{"0":"post-2069","1":"product","2":"type-product","3":"status-publish","4":"has-post-thumbnail","6":"product_cat-ferramentas","8":"first","9":"instock","10":"taxable","11":"shipping-taxable","12":"product-type-simple"},"_links":{"self":[{"href":"https:\/\/www.profiautos.com.br\/novosite\/wp-json\/wp\/v2\/product\/2069"}],"collection":[{"href":"https:\/\/www.profiautos.com.br\/novosite\/wp-json\/wp\/v2\/product"}],"about":[{"href":"https:\/\/www.profiautos.com.br\/novosite\/wp-json\/wp\/v2\/types\/product"}],"wp:featuredmedia":[{"embeddable":true,"href":"https:\/\/www.profiautos.com.br\/novosite\/wp-json\/wp\/v2\/media\/2070"}],"wp:attachment":[{"href":"https:\/\/www.profiautos.com.br\/novosite\/wp-json\/wp\/v2\/media?parent=2069"}],"wp:term":[{"taxonomy":"product_cat","embeddable":true,"href":"https:\/\/www.profiautos.com.br\/novosite\/wp-json\/wp\/v2\/product_cat?post=2069"},{"taxonomy":"product_tag","embeddable":true,"href":"https:\/\/www.profiautos.com.br\/novosite\/wp-json\/wp\/v2\/product_tag?post=2069"}],"curies":[{"name":"wp","href":"https:\/\/api.w.org\/{rel}","templated":true}]}}