{"id":2049,"date":"2018-07-09T13:15:24","date_gmt":"2018-07-09T16:15:24","guid":{"rendered":"http:\/\/www.profiautos.com.br\/novosite\/?post_type=product&#038;p=2049"},"modified":"2020-08-18T16:56:08","modified_gmt":"2020-08-18T19:56:08","slug":"suporte-para-relogio-comparador-da-linha-fiat","status":"publish","type":"product","link":"https:\/\/www.profiautos.com.br\/novosite\/produto\/suporte-para-relogio-comparador-da-linha-fiat\/","title":{"rendered":"SUPORTE PARA REL\u00d3GIO COMPARADOR DA LINHA FIAT ."},"content":{"rendered":"<p>PARA INFORMA\u00c7\u00d5ES DE VALORES , (85) 9 8732-1854 OU (85) 3034-1103<\/p>\n<p>&nbsp;<\/p>\n<p>&#8211; Suporte para rel\u00f3gio comparador da linha fiat<br \/>\n&#8211; Suporte para rel\u00f3gio comparador para verificar o PMS do cilindro do motor do palio, brava e mar\u00e9a<br \/>\n&#8211; Fabricado em a\u00e7o especial super resistente<br \/>\n&#8211; Tamanho: 270 mm<br \/>\n&#8211; Marca: FELAR .<\/p>\n","protected":false},"excerpt":{"rendered":"<p>PARA INFORMA\u00c7\u00d5ES DE VALORES , (85) 9 8732-1854 OU (85) 3034-1103 &nbsp; &#8211; Suporte para rel\u00f3gio comparador da linha fiat &#8211; Suporte para rel\u00f3gio comparador para verificar o PMS do cilindro do motor do palio, brava e mar\u00e9a &#8211; Fabricado em a\u00e7o especial super resistente &#8211; Tamanho: 270 mm &#8211; Marca: FELAR .<\/p>\n","protected":false},"featured_media":2050,"template":"","meta":{"_exactmetrics_skip_tracking":false,"_exactmetrics_sitenote_active":false,"_exactmetrics_sitenote_note":"","_exactmetrics_sitenote_category":0},"product_cat":[30],"product_tag":[],"class_list":{"0":"post-2049","1":"product","2":"type-product","3":"status-publish","4":"has-post-thumbnail","6":"product_cat-ferramentas","8":"first","9":"instock","10":"taxable","11":"shipping-taxable","12":"product-type-simple"},"_links":{"self":[{"href":"https:\/\/www.profiautos.com.br\/novosite\/wp-json\/wp\/v2\/product\/2049"}],"collection":[{"href":"https:\/\/www.profiautos.com.br\/novosite\/wp-json\/wp\/v2\/product"}],"about":[{"href":"https:\/\/www.profiautos.com.br\/novosite\/wp-json\/wp\/v2\/types\/product"}],"wp:featuredmedia":[{"embeddable":true,"href":"https:\/\/www.profiautos.com.br\/novosite\/wp-json\/wp\/v2\/media\/2050"}],"wp:attachment":[{"href":"https:\/\/www.profiautos.com.br\/novosite\/wp-json\/wp\/v2\/media?parent=2049"}],"wp:term":[{"taxonomy":"product_cat","embeddable":true,"href":"https:\/\/www.profiautos.com.br\/novosite\/wp-json\/wp\/v2\/product_cat?post=2049"},{"taxonomy":"product_tag","embeddable":true,"href":"https:\/\/www.profiautos.com.br\/novosite\/wp-json\/wp\/v2\/product_tag?post=2049"}],"curies":[{"name":"wp","href":"https:\/\/api.w.org\/{rel}","templated":true}]}}