{"id":2045,"date":"2018-07-09T12:41:10","date_gmt":"2018-07-09T15:41:10","guid":{"rendered":"http:\/\/www.profiautos.com.br\/novosite\/?post_type=product&#038;p=2045"},"modified":"2020-08-18T16:56:54","modified_gmt":"2020-08-18T19:56:54","slug":"ferramenta-para-travar-comando-de-valvula-dos-motores-gm-1-6-1-8-16v-ecotec","status":"publish","type":"product","link":"https:\/\/www.profiautos.com.br\/novosite\/produto\/ferramenta-para-travar-comando-de-valvula-dos-motores-gm-1-6-1-8-16v-ecotec\/","title":{"rendered":"Ferramenta para Travar Comando de V\u00e1lvula dos Motores GM 1.6\/1.8 16V ECOTEC"},"content":{"rendered":"<p>PARA INFORMA\u00c7\u00d5ES DE VALORES , (85) 9 8732-1854 OU (85) 3034-1103<\/p>\n<p>&nbsp;<\/p>\n<p>Ferramenta para verifica\u00e7\u00e3o e ajuste do sincronismo da \u00e1rvore de comando de v\u00e1lvulas dos motores GM 1.6\/1.8 16V ECOTEC.<\/p>\n<p>&#8211; Ideal para o ve\u00edculo Cruze .<\/p>\n","protected":false},"excerpt":{"rendered":"<p>PARA INFORMA\u00c7\u00d5ES DE VALORES , (85) 9 8732-1854 OU (85) 3034-1103 &nbsp; Ferramenta para verifica\u00e7\u00e3o e ajuste do sincronismo da \u00e1rvore de comando de v\u00e1lvulas dos motores GM 1.6\/1.8 16V ECOTEC. &#8211; Ideal para o ve\u00edculo Cruze .<\/p>\n","protected":false},"featured_media":2046,"template":"","meta":{"_exactmetrics_skip_tracking":false,"_exactmetrics_sitenote_active":false,"_exactmetrics_sitenote_note":"","_exactmetrics_sitenote_category":0},"product_cat":[30],"product_tag":[],"class_list":{"0":"post-2045","1":"product","2":"type-product","3":"status-publish","4":"has-post-thumbnail","6":"product_cat-ferramentas","8":"first","9":"instock","10":"taxable","11":"shipping-taxable","12":"product-type-simple"},"_links":{"self":[{"href":"https:\/\/www.profiautos.com.br\/novosite\/wp-json\/wp\/v2\/product\/2045"}],"collection":[{"href":"https:\/\/www.profiautos.com.br\/novosite\/wp-json\/wp\/v2\/product"}],"about":[{"href":"https:\/\/www.profiautos.com.br\/novosite\/wp-json\/wp\/v2\/types\/product"}],"wp:featuredmedia":[{"embeddable":true,"href":"https:\/\/www.profiautos.com.br\/novosite\/wp-json\/wp\/v2\/media\/2046"}],"wp:attachment":[{"href":"https:\/\/www.profiautos.com.br\/novosite\/wp-json\/wp\/v2\/media?parent=2045"}],"wp:term":[{"taxonomy":"product_cat","embeddable":true,"href":"https:\/\/www.profiautos.com.br\/novosite\/wp-json\/wp\/v2\/product_cat?post=2045"},{"taxonomy":"product_tag","embeddable":true,"href":"https:\/\/www.profiautos.com.br\/novosite\/wp-json\/wp\/v2\/product_tag?post=2045"}],"curies":[{"name":"wp","href":"https:\/\/api.w.org\/{rel}","templated":true}]}}