{"id":2042,"date":"2018-07-09T12:35:30","date_gmt":"2018-07-09T15:35:30","guid":{"rendered":"http:\/\/www.profiautos.com.br\/novosite\/?post_type=product&#038;p=2042"},"modified":"2020-08-18T16:57:26","modified_gmt":"2020-08-18T19:57:26","slug":"ferramenta-para-travar-polias-do-motor-cruze","status":"publish","type":"product","link":"https:\/\/www.profiautos.com.br\/novosite\/produto\/ferramenta-para-travar-polias-do-motor-cruze\/","title":{"rendered":"FERRAMENTA PARA TRAVAR POLIAS DO MOTOR CRUZE"},"content":{"rendered":"<p>PARA INFORMA\u00c7\u00d5ES DE VALORES , (85) 9 8732-1854 OU (85) 3034-1103<\/p>\n<p>&nbsp;<\/p>\n<p>Ferramenta para travar as polias com variador de fase e a \u00e1rvore de manivelas dos motores GM 1.6\/1.8 16V. ECOTEC dos ve\u00edculos Cruze, Sonic e Tracker do ano 2013 em diante.<\/p>\n<p>&#8211; Indicada para ve\u00edculos: Cruze, Sonic e Tracker \u00e0 partir do modelo 2013 em diante<\/p>\n","protected":false},"excerpt":{"rendered":"<p>PARA INFORMA\u00c7\u00d5ES DE VALORES , (85) 9 8732-1854 OU (85) 3034-1103 &nbsp; Ferramenta para travar as polias com variador de fase e a \u00e1rvore de manivelas dos motores GM 1.6\/1.8 16V. ECOTEC dos ve\u00edculos Cruze, Sonic e Tracker do ano 2013 em diante. &#8211; Indicada para ve\u00edculos: Cruze, Sonic e Tracker \u00e0 partir do modelo [&hellip;]<\/p>\n","protected":false},"featured_media":2043,"template":"","meta":{"_exactmetrics_skip_tracking":false,"_exactmetrics_sitenote_active":false,"_exactmetrics_sitenote_note":"","_exactmetrics_sitenote_category":0},"product_cat":[30],"product_tag":[],"class_list":{"0":"post-2042","1":"product","2":"type-product","3":"status-publish","4":"has-post-thumbnail","6":"product_cat-ferramentas","8":"first","9":"instock","10":"taxable","11":"shipping-taxable","12":"product-type-simple"},"_links":{"self":[{"href":"https:\/\/www.profiautos.com.br\/novosite\/wp-json\/wp\/v2\/product\/2042"}],"collection":[{"href":"https:\/\/www.profiautos.com.br\/novosite\/wp-json\/wp\/v2\/product"}],"about":[{"href":"https:\/\/www.profiautos.com.br\/novosite\/wp-json\/wp\/v2\/types\/product"}],"wp:featuredmedia":[{"embeddable":true,"href":"https:\/\/www.profiautos.com.br\/novosite\/wp-json\/wp\/v2\/media\/2043"}],"wp:attachment":[{"href":"https:\/\/www.profiautos.com.br\/novosite\/wp-json\/wp\/v2\/media?parent=2042"}],"wp:term":[{"taxonomy":"product_cat","embeddable":true,"href":"https:\/\/www.profiautos.com.br\/novosite\/wp-json\/wp\/v2\/product_cat?post=2042"},{"taxonomy":"product_tag","embeddable":true,"href":"https:\/\/www.profiautos.com.br\/novosite\/wp-json\/wp\/v2\/product_tag?post=2042"}],"curies":[{"name":"wp","href":"https:\/\/api.w.org\/{rel}","templated":true}]}}