{"id":2040,"date":"2018-07-09T12:24:05","date_gmt":"2018-07-09T15:24:05","guid":{"rendered":"http:\/\/www.profiautos.com.br\/novosite\/?post_type=product&#038;p=2040"},"modified":"2020-08-18T16:57:53","modified_gmt":"2020-08-18T19:57:53","slug":"pino-para-sincronismo-dos-motores-vw-12v","status":"publish","type":"product","link":"https:\/\/www.profiautos.com.br\/novosite\/produto\/pino-para-sincronismo-dos-motores-vw-12v\/","title":{"rendered":"PINO PARA SINCRONISMO DOS MOTORES VW 12V."},"content":{"rendered":"<p>PARA INFORMA\u00c7\u00d5ES DE VALORES , (85) 9 8732-1854 OU (85) 3034-1103<\/p>\n<p>&nbsp;<\/p>\n<p>Pino para posicionar em sincronismo a \u00e1rvore de manivelas dos motores VW \u2013 Volkswagen EA211. Feito em material de qualidade para maior resist\u00eancia.<br \/>\n<strong>&#8211; Aplica\u00e7\u00e3o nos ve\u00edculos:<br \/>\n<\/strong>:: VW EA211 1.0 12V 3 Cilindros MPI<br \/>\n:: VW EA211 1.0 12V 3 Cilindros TSI<br \/>\n:: VW EA211 1.4 16V TSI\/TSFI<br \/>\n:: VW EA211 1.6 16V MSI<\/p>\n","protected":false},"excerpt":{"rendered":"<p>PARA INFORMA\u00c7\u00d5ES DE VALORES , (85) 9 8732-1854 OU (85) 3034-1103 &nbsp; Pino para posicionar em sincronismo a \u00e1rvore de manivelas dos motores VW \u2013 Volkswagen EA211. Feito em material de qualidade para maior resist\u00eancia. &#8211; Aplica\u00e7\u00e3o nos ve\u00edculos: :: VW EA211 1.0 12V 3 Cilindros MPI :: VW EA211 1.0 12V 3 Cilindros TSI [&hellip;]<\/p>\n","protected":false},"featured_media":2041,"template":"","meta":{"_exactmetrics_skip_tracking":false,"_exactmetrics_sitenote_active":false,"_exactmetrics_sitenote_note":"","_exactmetrics_sitenote_category":0},"product_cat":[30],"product_tag":[],"class_list":{"0":"post-2040","1":"product","2":"type-product","3":"status-publish","4":"has-post-thumbnail","6":"product_cat-ferramentas","8":"first","9":"instock","10":"taxable","11":"shipping-taxable","12":"product-type-simple"},"_links":{"self":[{"href":"https:\/\/www.profiautos.com.br\/novosite\/wp-json\/wp\/v2\/product\/2040"}],"collection":[{"href":"https:\/\/www.profiautos.com.br\/novosite\/wp-json\/wp\/v2\/product"}],"about":[{"href":"https:\/\/www.profiautos.com.br\/novosite\/wp-json\/wp\/v2\/types\/product"}],"wp:featuredmedia":[{"embeddable":true,"href":"https:\/\/www.profiautos.com.br\/novosite\/wp-json\/wp\/v2\/media\/2041"}],"wp:attachment":[{"href":"https:\/\/www.profiautos.com.br\/novosite\/wp-json\/wp\/v2\/media?parent=2040"}],"wp:term":[{"taxonomy":"product_cat","embeddable":true,"href":"https:\/\/www.profiautos.com.br\/novosite\/wp-json\/wp\/v2\/product_cat?post=2040"},{"taxonomy":"product_tag","embeddable":true,"href":"https:\/\/www.profiautos.com.br\/novosite\/wp-json\/wp\/v2\/product_tag?post=2040"}],"curies":[{"name":"wp","href":"https:\/\/api.w.org\/{rel}","templated":true}]}}