{"id":2037,"date":"2018-07-09T12:17:55","date_gmt":"2018-07-09T15:17:55","guid":{"rendered":"http:\/\/www.profiautos.com.br\/novosite\/?post_type=product&#038;p=2037"},"modified":"2020-08-18T11:25:35","modified_gmt":"2020-08-18T14:25:35","slug":"encolhedor-de-mola-manual","status":"publish","type":"product","link":"https:\/\/www.profiautos.com.br\/novosite\/produto\/encolhedor-de-mola-manual\/","title":{"rendered":"ENCOLHEDOR DE MOLA &#8211; MANUAL"},"content":{"rendered":"<p>PARA INFORMA\u00c7\u00d5ES DE VALORES , (85) 9 8732-1854 OU (85) 3034-1103<\/p>\n<p>Encolhedor de molas da suspens\u00e3o dianteira com catraca ou m\u00e1quina pneum\u00e1tica.<br \/>\nLinha Universal &#8211; (Exceto OPALA E CORCEL ANTIGO)<br \/>\nLINHA FIAT \/ VOLKSWAGEN \/ CITROEN \/ CHEVROLET \/ FORD.<\/p>\n","protected":false},"excerpt":{"rendered":"<p>PARA INFORMA\u00c7\u00d5ES DE VALORES , (85) 9 8732-1854 OU (85) 3034-1103 Encolhedor de molas da suspens\u00e3o dianteira com catraca ou m\u00e1quina pneum\u00e1tica. Linha Universal &#8211; (Exceto OPALA E CORCEL ANTIGO) LINHA FIAT \/ VOLKSWAGEN \/ CITROEN \/ CHEVROLET \/ FORD.<\/p>\n","protected":false},"featured_media":2039,"template":"","meta":{"_exactmetrics_skip_tracking":false,"_exactmetrics_sitenote_active":false,"_exactmetrics_sitenote_note":"","_exactmetrics_sitenote_category":0},"product_cat":[30],"product_tag":[],"class_list":{"0":"post-2037","1":"product","2":"type-product","3":"status-publish","4":"has-post-thumbnail","6":"product_cat-ferramentas","8":"first","9":"instock","10":"taxable","11":"shipping-taxable","12":"product-type-simple"},"_links":{"self":[{"href":"https:\/\/www.profiautos.com.br\/novosite\/wp-json\/wp\/v2\/product\/2037"}],"collection":[{"href":"https:\/\/www.profiautos.com.br\/novosite\/wp-json\/wp\/v2\/product"}],"about":[{"href":"https:\/\/www.profiautos.com.br\/novosite\/wp-json\/wp\/v2\/types\/product"}],"wp:featuredmedia":[{"embeddable":true,"href":"https:\/\/www.profiautos.com.br\/novosite\/wp-json\/wp\/v2\/media\/2039"}],"wp:attachment":[{"href":"https:\/\/www.profiautos.com.br\/novosite\/wp-json\/wp\/v2\/media?parent=2037"}],"wp:term":[{"taxonomy":"product_cat","embeddable":true,"href":"https:\/\/www.profiautos.com.br\/novosite\/wp-json\/wp\/v2\/product_cat?post=2037"},{"taxonomy":"product_tag","embeddable":true,"href":"https:\/\/www.profiautos.com.br\/novosite\/wp-json\/wp\/v2\/product_tag?post=2037"}],"curies":[{"name":"wp","href":"https:\/\/api.w.org\/{rel}","templated":true}]}}