{"id":2025,"date":"2018-07-06T12:35:10","date_gmt":"2018-07-06T15:35:10","guid":{"rendered":"http:\/\/www.profiautos.com.br\/novosite\/?post_type=product&#038;p=2025"},"modified":"2020-08-18T15:00:50","modified_gmt":"2020-08-18T18:00:50","slug":"serra-de-corte-rapido-14-polegada","status":"publish","type":"product","link":"https:\/\/www.profiautos.com.br\/novosite\/produto\/serra-de-corte-rapido-14-polegada\/","title":{"rendered":"SERRA DE CORTE R\u00c1PIDO &#8211; 14 POLEGADA"},"content":{"rendered":"<blockquote>\n<h2 class=\"description__product-title\">PARA INFORMA\u00c7\u00d5ES DE VALORES , (85) 9 8732-1854 OU (85) 3034-1103<\/h2>\n<h2 class=\"description__product-title\">\u00a0 Serra de Corte R\u00e1pido 14 Polegadas &#8211; Somar<\/h2>\n<ul>\n<li>\u00a0A serra de corte r\u00e1pido 14&#8221; policorte 2000 Watts \u00e9 ideal para aplica\u00e7\u00e3o em esquadrias,perfis e medalh\u00f5es met\u00e1licos,corte de barras,perfis e tubos com di\u00e2metro at\u00e9 4.Profundidade de corte m\u00e1ximo: 100 mm<br \/>\nCapacidade de corte menor ou maior a 45\u00b0<br \/>\nFuso e engate r\u00e1pido para fixa\u00e7\u00e3o das pe\u00e7as<br \/>\nEstrutura em a\u00e7o<br \/>\nDimens\u00f5es do disco de corte: 14&#8221;<br \/>\nAjuste do \u00e2ngulo de corte<br \/>\nTrava de seguran\u00e7a liga\/desliga<br \/>\nProte\u00e7\u00e3o do disco de corte<br \/>\nDimens\u00e3o: 60 x 44 x 34 cm<br \/>\nPeso Bruto: 17,5 kg<\/li>\n<\/ul>\n<\/blockquote>\n<p><!--more--><\/p>\n","protected":false},"excerpt":{"rendered":"<p>PARA INFORMA\u00c7\u00d5ES DE VALORES , (85) 9 8732-1854 OU (85) 3034-1103 \u00a0 Serra de Corte R\u00e1pido 14 Polegadas &#8211; Somar \u00a0A serra de corte r\u00e1pido 14&#8221; policorte 2000 Watts \u00e9 ideal para aplica\u00e7\u00e3o em esquadrias,perfis e medalh\u00f5es met\u00e1licos,corte de barras,perfis e tubos com di\u00e2metro at\u00e9 4.Profundidade de corte m\u00e1ximo: 100 mm Capacidade de corte menor [&hellip;]<\/p>\n","protected":false},"featured_media":2026,"template":"","meta":{"_exactmetrics_skip_tracking":false,"_exactmetrics_sitenote_active":false,"_exactmetrics_sitenote_note":"","_exactmetrics_sitenote_category":0},"product_cat":[18,19],"product_tag":[],"class_list":{"0":"post-2025","1":"product","2":"type-product","3":"status-publish","4":"has-post-thumbnail","6":"product_cat-diversas","7":"product_cat-equipamentos-para-oficina","9":"first","10":"instock","11":"taxable","12":"shipping-taxable","13":"product-type-simple"},"_links":{"self":[{"href":"https:\/\/www.profiautos.com.br\/novosite\/wp-json\/wp\/v2\/product\/2025"}],"collection":[{"href":"https:\/\/www.profiautos.com.br\/novosite\/wp-json\/wp\/v2\/product"}],"about":[{"href":"https:\/\/www.profiautos.com.br\/novosite\/wp-json\/wp\/v2\/types\/product"}],"wp:featuredmedia":[{"embeddable":true,"href":"https:\/\/www.profiautos.com.br\/novosite\/wp-json\/wp\/v2\/media\/2026"}],"wp:attachment":[{"href":"https:\/\/www.profiautos.com.br\/novosite\/wp-json\/wp\/v2\/media?parent=2025"}],"wp:term":[{"taxonomy":"product_cat","embeddable":true,"href":"https:\/\/www.profiautos.com.br\/novosite\/wp-json\/wp\/v2\/product_cat?post=2025"},{"taxonomy":"product_tag","embeddable":true,"href":"https:\/\/www.profiautos.com.br\/novosite\/wp-json\/wp\/v2\/product_tag?post=2025"}],"curies":[{"name":"wp","href":"https:\/\/api.w.org\/{rel}","templated":true}]}}