{"id":2008,"date":"2018-07-03T17:20:04","date_gmt":"2018-07-03T20:20:04","guid":{"rendered":"http:\/\/www.profiautos.com.br\/novosite\/?post_type=product&#038;p=2008"},"modified":"2021-07-08T09:47:19","modified_gmt":"2021-07-08T12:47:19","slug":"teste-de-arrefecimento-raven-109681","status":"publish","type":"product","link":"https:\/\/www.profiautos.com.br\/novosite\/produto\/teste-de-arrefecimento-raven-109681\/","title":{"rendered":"TESTE DE ARREFECIMENTO &#8211; RAVEN 109681"},"content":{"rendered":"<p>Conjunto para teste do sistema de arrefecimento (e da tampa do reservat\u00f3rio) de autom\u00f3veis e utilit\u00e1rios.<\/p>\n<p>Possui:<br \/>\nBomba (com man\u00f4metro seco)<br \/>\n11 adaptadores: 109671-02 (GM e Ford), 109671-08 (VW e Audi), 109651-10 (Hyundai, Kia e Nissan), 109651-11 (Honda e Toyota), 109651-13 (Honda, Toyota e Mitsubishi), 109651\/71-14 (Peugeot e Citro\u00ebn), 109651\/71-19 (Renault), 109671-20 (GM, Fiat e Jeep), 109651\/71-21 (Ford), 109671-23 (Fiat), 109651\/71-24 (Toyota) e 109680 (universal para teste do sistema).<\/p>\n","protected":false},"excerpt":{"rendered":"<p>Conjunto para teste do sistema de arrefecimento (e da tampa do reservat\u00f3rio) de autom\u00f3veis e utilit\u00e1rios. Possui: Bomba (com man\u00f4metro seco) 11 adaptadores: 109671-02 (GM e Ford), 109671-08 (VW e Audi), 109651-10 (Hyundai, Kia e Nissan), 109651-11 (Honda e Toyota), 109651-13 (Honda, Toyota e Mitsubishi), 109651\/71-14 (Peugeot e Citro\u00ebn), 109651\/71-19 (Renault), 109671-20 (GM, Fiat e [&hellip;]<\/p>\n","protected":false},"featured_media":2009,"template":"","meta":{"_exactmetrics_skip_tracking":false,"_exactmetrics_sitenote_active":false,"_exactmetrics_sitenote_note":"","_exactmetrics_sitenote_category":0},"product_cat":[60],"product_tag":[],"class_list":{"0":"post-2008","1":"product","2":"type-product","3":"status-publish","4":"has-post-thumbnail","6":"product_cat-ar-condicionado-veicular","8":"first","9":"instock","10":"taxable","11":"shipping-taxable","12":"product-type-simple"},"_links":{"self":[{"href":"https:\/\/www.profiautos.com.br\/novosite\/wp-json\/wp\/v2\/product\/2008"}],"collection":[{"href":"https:\/\/www.profiautos.com.br\/novosite\/wp-json\/wp\/v2\/product"}],"about":[{"href":"https:\/\/www.profiautos.com.br\/novosite\/wp-json\/wp\/v2\/types\/product"}],"wp:featuredmedia":[{"embeddable":true,"href":"https:\/\/www.profiautos.com.br\/novosite\/wp-json\/wp\/v2\/media\/2009"}],"wp:attachment":[{"href":"https:\/\/www.profiautos.com.br\/novosite\/wp-json\/wp\/v2\/media?parent=2008"}],"wp:term":[{"taxonomy":"product_cat","embeddable":true,"href":"https:\/\/www.profiautos.com.br\/novosite\/wp-json\/wp\/v2\/product_cat?post=2008"},{"taxonomy":"product_tag","embeddable":true,"href":"https:\/\/www.profiautos.com.br\/novosite\/wp-json\/wp\/v2\/product_tag?post=2008"}],"curies":[{"name":"wp","href":"https:\/\/api.w.org\/{rel}","templated":true}]}}