{"id":1977,"date":"2022-04-04T13:00:57","date_gmt":"2022-04-04T16:00:57","guid":{"rendered":"http:\/\/www.profiautos.com.br\/novosite\/?post_type=product&#038;p=1977"},"modified":"2025-10-09T12:31:34","modified_gmt":"2025-10-09T15:31:34","slug":"mecanica-basica-de-bicicletas-para-amadores","status":"publish","type":"product","link":"https:\/\/www.profiautos.com.br\/novosite\/produto\/mecanica-basica-de-bicicletas-para-amadores\/","title":{"rendered":"MEC\u00c2NICA DE BICICLETAS"},"content":{"rendered":"<p><strong>MEC\u00c2NICA DE BICICLETAS\u00a0<\/strong><\/p>\n<p><strong>Objetivo:<\/strong> Formar ou capacitar profissionais de diversos segmentos para realizarem reparos e manuten\u00e7\u00e3o de bicicletas<\/p>\n<p>&nbsp;<\/p>\n<p><strong>CONTE\u00daDO PROGRAM\u00c1TICO:<\/strong><\/p>\n<p>&#8211; Conhecendo os componentes e especifica\u00e7\u00f5es de uma Bicicleta;<br \/>\n&#8211; Identificar qual a ferramenta necess\u00e1ria para o ajuste ou reparo;<br \/>\n&#8211; Verificar e fazer o reparo na c\u00e2mara de ar e pneus;<br \/>\n&#8211; Diagn\u00f3stico de desgaste de pe\u00e7as como: Coroa, Corrente e Catraca (Cassete);<br \/>\n&#8211; Realizar a limpeza e lubrifica\u00e7\u00e3o do kit transmiss\u00e3o;<br \/>\n&#8211; Produtos e materiais necess\u00e1rios para limpeza;<br \/>\n&#8211; Procedimentos de seguran\u00e7a e kit de reparo para pedalar nas ruas ou trilhas;<br \/>\n&#8211; Ajuste de freios e c\u00e2mbios e alinhamento da gancheira;<br \/>\n&#8211; Execu\u00e7\u00e3o pr\u00e1tica de todos os itens a cima citado.<br \/>\n&#8211; Desmontagem, inspe\u00e7\u00e3o e ajuste da roda dianteira e traseira;<br \/>\n&#8211; Limpeza de componentes;<br \/>\n&#8211; Apresenta\u00e7\u00e3o e utiliza\u00e7\u00e3o de ferramentas e equipamentos de precis\u00e3o;<br \/>\n&#8211; Conjunto de c\u00e2mbio, ajustes e reparos;<br \/>\n&#8211; Transmiss\u00e3o corrente;<br \/>\n&#8211; Sistemas de Freios hidr\u00e1ulicos e mec\u00e2nicos;<br \/>\n&#8211; Manuten\u00e7\u00e3o e reparos pr\u00e1ticos de bike;<br \/>\n&#8211; Troca de pneus;<br \/>\n&#8211; Regulagem<\/p>\n<p><strong>Dura\u00e7\u00e3o: <\/strong>2 semana (20 hrs);<\/p>\n<p><strong>Hor\u00e1rio das aulas:<\/strong> Segunda-feira a Quinta-feira (19:00 \u00e1s 21:30);<\/p>\n<p><strong>Per\u00edodo:<\/strong> 10\/11\/2025 (previs\u00e3o)<\/p>\n<p><strong>Incluso:<\/strong> Material Did\u00e1tico e Certificado de Participa\u00e7\u00e3o;<\/p>\n<p><strong>Forma de Pagamento:<\/strong> A vista ou 4x no cart\u00e3o de cr\u00e9dito.<\/p>\n","protected":false},"excerpt":{"rendered":"<p>MEC\u00c2NICA DE BICICLETAS\u00a0 Objetivo: Formar ou capacitar profissionais de diversos segmentos para realizarem reparos e manuten\u00e7\u00e3o de bicicletas &nbsp; CONTE\u00daDO PROGRAM\u00c1TICO: &#8211; Conhecendo os componentes e especifica\u00e7\u00f5es de uma Bicicleta; &#8211; Identificar qual a ferramenta necess\u00e1ria para o ajuste ou reparo; &#8211; Verificar e fazer o reparo na c\u00e2mara de ar e pneus; &#8211; Diagn\u00f3stico [&hellip;]<\/p>\n","protected":false},"featured_media":3879,"template":"","meta":{"_exactmetrics_skip_tracking":false,"_exactmetrics_sitenote_active":false,"_exactmetrics_sitenote_note":"","_exactmetrics_sitenote_category":0},"product_cat":[14,10],"product_tag":[],"class_list":{"0":"post-1977","1":"product","2":"type-product","3":"status-publish","4":"has-post-thumbnail","6":"product_cat-cursos-com-matriculas-abertas","7":"product_cat-cursos-de-motocicletas","9":"first","10":"instock","11":"taxable","12":"shipping-taxable","13":"purchasable","14":"product-type-simple"},"_links":{"self":[{"href":"https:\/\/www.profiautos.com.br\/novosite\/wp-json\/wp\/v2\/product\/1977"}],"collection":[{"href":"https:\/\/www.profiautos.com.br\/novosite\/wp-json\/wp\/v2\/product"}],"about":[{"href":"https:\/\/www.profiautos.com.br\/novosite\/wp-json\/wp\/v2\/types\/product"}],"wp:featuredmedia":[{"embeddable":true,"href":"https:\/\/www.profiautos.com.br\/novosite\/wp-json\/wp\/v2\/media\/3879"}],"wp:attachment":[{"href":"https:\/\/www.profiautos.com.br\/novosite\/wp-json\/wp\/v2\/media?parent=1977"}],"wp:term":[{"taxonomy":"product_cat","embeddable":true,"href":"https:\/\/www.profiautos.com.br\/novosite\/wp-json\/wp\/v2\/product_cat?post=1977"},{"taxonomy":"product_tag","embeddable":true,"href":"https:\/\/www.profiautos.com.br\/novosite\/wp-json\/wp\/v2\/product_tag?post=1977"}],"curies":[{"name":"wp","href":"https:\/\/api.w.org\/{rel}","templated":true}]}}