{"id":1952,"date":"2018-05-17T13:50:58","date_gmt":"2018-05-17T16:50:58","guid":{"rendered":"http:\/\/www.profiautos.com.br\/novosite\/?post_type=product&#038;p=1952"},"modified":"2021-07-08T09:47:32","modified_gmt":"2021-07-08T12:47:32","slug":"3m-auto-brilho","status":"publish","type":"product","link":"https:\/\/www.profiautos.com.br\/novosite\/produto\/3m-auto-brilho\/","title":{"rendered":"3M AUTO BRILHO"},"content":{"rendered":"<p>DESCRI\u00c7\u00c3O :<br \/>\n&#8211; UTILIZADOS PARA TODO TIPO DE PINTURA ;<br \/>\n&#8211; APLICA\u00c7\u00c3O MANUAL ;<br \/>\n&#8211; N\u00c3O CONTEM CERA OU SILICONE ;<br \/>\n&#8211; PRODUZ BRILHO INTENSO .<\/p>\n","protected":false},"excerpt":{"rendered":"<p>DESCRI\u00c7\u00c3O : &#8211; UTILIZADOS PARA TODO TIPO DE PINTURA ; &#8211; APLICA\u00c7\u00c3O MANUAL ; &#8211; N\u00c3O CONTEM CERA OU SILICONE ; &#8211; PRODUZ BRILHO INTENSO .<\/p>\n","protected":false},"featured_media":1953,"template":"","meta":{"_exactmetrics_skip_tracking":false,"_exactmetrics_sitenote_active":false,"_exactmetrics_sitenote_note":"","_exactmetrics_sitenote_category":0},"product_cat":[50],"product_tag":[],"class_list":{"0":"post-1952","1":"product","2":"type-product","3":"status-publish","4":"has-post-thumbnail","6":"product_cat-pintura","8":"first","9":"instock","10":"taxable","11":"shipping-taxable","12":"product-type-simple"},"_links":{"self":[{"href":"https:\/\/www.profiautos.com.br\/novosite\/wp-json\/wp\/v2\/product\/1952"}],"collection":[{"href":"https:\/\/www.profiautos.com.br\/novosite\/wp-json\/wp\/v2\/product"}],"about":[{"href":"https:\/\/www.profiautos.com.br\/novosite\/wp-json\/wp\/v2\/types\/product"}],"wp:featuredmedia":[{"embeddable":true,"href":"https:\/\/www.profiautos.com.br\/novosite\/wp-json\/wp\/v2\/media\/1953"}],"wp:attachment":[{"href":"https:\/\/www.profiautos.com.br\/novosite\/wp-json\/wp\/v2\/media?parent=1952"}],"wp:term":[{"taxonomy":"product_cat","embeddable":true,"href":"https:\/\/www.profiautos.com.br\/novosite\/wp-json\/wp\/v2\/product_cat?post=1952"},{"taxonomy":"product_tag","embeddable":true,"href":"https:\/\/www.profiautos.com.br\/novosite\/wp-json\/wp\/v2\/product_tag?post=1952"}],"curies":[{"name":"wp","href":"https:\/\/api.w.org\/{rel}","templated":true}]}}