{"id":1934,"date":"2018-05-16T13:20:55","date_gmt":"2018-05-16T16:20:55","guid":{"rendered":"http:\/\/www.profiautos.com.br\/novosite\/?post_type=product&#038;p=1934"},"modified":"2020-08-18T11:48:20","modified_gmt":"2020-08-18T14:48:20","slug":"liquido-para-contraste-ar-condicionado","status":"publish","type":"product","link":"https:\/\/www.profiautos.com.br\/novosite\/produto\/liquido-para-contraste-ar-condicionado\/","title":{"rendered":"LIQUIDO PARA CONTRASTE &#8211; AR CONDICIONADO"},"content":{"rendered":"<div class=\"compre-aqui\"><a class=\"bt-default\">\u00a0<\/a>PARA INFORMA\u00c7\u00d5ES DE VALORES , (85) 9 8732-1854 OU (85) 3034-1103<\/p>\n<p>&nbsp;<\/p>\n<\/div>\n<p><strong>Descri\u00e7\u00e3o do produto<\/strong><\/p>\n<ul>\n<li>O L\u00edquido para contraste detecta vazamentos em sistemas\u00a0de ar condicionado atrav\u00e9s do contraste de cor com a\u00a0l\u00e2mpada U.V.. \u00c9 compat\u00edvel com os gases R12\/R134a,\u00a0n\u00e3o reagindo quimicamente quando em contato com esses\u00a0gases e com \u00f3leos. Substitui os processos para detec\u00e7\u00e3o\u00a0de vazamento convencionais, tais como, espuma e m\u00e9todos\u00a0mec\u00e2nicos. O sistema de ar condicionado funciona\u00a0perfeitamente, mesmo com a presen\u00e7a do contraste.<\/li>\n<\/ul>\n<p><strong>PRINCIPAIS VANTAGENS<\/strong><\/p>\n<ul>\n<li>Com o uso da l\u00e2mpada U.V., gera\u00a0um contraste de luz, tornando\u00a0vis\u00edvel o vazamento.<\/li>\n<li>Substitui processos mec\u00e2nicos.<\/li>\n<li>Alcan\u00e7a todos os locais do sistema\u00a0do ar condicionado.<\/li>\n<li>N\u00e3o reage quimicamente com\u00a0gases e \u00f3leos.<\/li>\n<\/ul>\n<p>&nbsp;<\/p>\n<p><strong>PRODUTOS ASSOCIADOS<\/strong><\/p>\n<ul>\n<li>Desengraxante Universal Eco-w.<\/li>\n<li>Desengripante.<\/li>\n<li>Limpador de ar condicionado.<\/li>\n<\/ul>\n","protected":false},"excerpt":{"rendered":"<p>\u00a0PARA INFORMA\u00c7\u00d5ES DE VALORES , (85) 9 8732-1854 OU (85) 3034-1103 &nbsp; Descri\u00e7\u00e3o do produto O L\u00edquido para contraste detecta vazamentos em sistemas\u00a0de ar condicionado atrav\u00e9s do contraste de cor com a\u00a0l\u00e2mpada U.V.. \u00c9 compat\u00edvel com os gases R12\/R134a,\u00a0n\u00e3o reagindo quimicamente quando em contato com esses\u00a0gases e com \u00f3leos. Substitui os processos para detec\u00e7\u00e3o\u00a0de vazamento [&hellip;]<\/p>\n","protected":false},"featured_media":1935,"template":"","meta":{"_exactmetrics_skip_tracking":false,"_exactmetrics_sitenote_active":false,"_exactmetrics_sitenote_note":"","_exactmetrics_sitenote_category":0},"product_cat":[28],"product_tag":[],"class_list":{"0":"post-1934","1":"product","2":"type-product","3":"status-publish","4":"has-post-thumbnail","6":"product_cat-ar-condicionado","8":"first","9":"instock","10":"taxable","11":"shipping-taxable","12":"product-type-simple"},"_links":{"self":[{"href":"https:\/\/www.profiautos.com.br\/novosite\/wp-json\/wp\/v2\/product\/1934"}],"collection":[{"href":"https:\/\/www.profiautos.com.br\/novosite\/wp-json\/wp\/v2\/product"}],"about":[{"href":"https:\/\/www.profiautos.com.br\/novosite\/wp-json\/wp\/v2\/types\/product"}],"wp:featuredmedia":[{"embeddable":true,"href":"https:\/\/www.profiautos.com.br\/novosite\/wp-json\/wp\/v2\/media\/1935"}],"wp:attachment":[{"href":"https:\/\/www.profiautos.com.br\/novosite\/wp-json\/wp\/v2\/media?parent=1934"}],"wp:term":[{"taxonomy":"product_cat","embeddable":true,"href":"https:\/\/www.profiautos.com.br\/novosite\/wp-json\/wp\/v2\/product_cat?post=1934"},{"taxonomy":"product_tag","embeddable":true,"href":"https:\/\/www.profiautos.com.br\/novosite\/wp-json\/wp\/v2\/product_tag?post=1934"}],"curies":[{"name":"wp","href":"https:\/\/api.w.org\/{rel}","templated":true}]}}