{"id":1922,"date":"2018-05-11T13:25:11","date_gmt":"2018-05-11T16:25:11","guid":{"rendered":"http:\/\/www.profiautos.com.br\/novosite\/?post_type=product&#038;p=1922"},"modified":"2021-07-08T09:48:44","modified_gmt":"2021-07-08T12:48:44","slug":"pistola-de-pintura-1-4-mm","status":"publish","type":"product","link":"https:\/\/www.profiautos.com.br\/novosite\/produto\/pistola-de-pintura-1-4-mm\/","title":{"rendered":"PISTOLA DE PINTURA 1.4 MM"},"content":{"rendered":"<p>\u2022 Sistema HVLP<br \/>\n\u2022 Equipada com regulador do leque e regulador do ar<br \/>\n\u2022 Gatilho leve e preciso<br \/>\n\u2022 Caneca\u00a0 pl\u00e1stica<\/p>\n<p>&#8211;\u00a0\u00a0<strong>Especifica\u00e7\u00f5es T\u00e9cnicas:<\/strong><br \/>\n&#8211; Di\u00e2metro do bico: 1.4mm<br \/>\n&#8211; Press\u00e3o do ar: 45 libras<br \/>\n&#8211; Consumo do ar: 7pcm<br \/>\n&#8211; Capacidade caneca: 600ml<br \/>\n&#8211; Tipo de alimenta\u00e7\u00e3o: Gravidade<\/p>\n","protected":false},"excerpt":{"rendered":"<p>\u2022 Sistema HVLP \u2022 Equipada com regulador do leque e regulador do ar \u2022 Gatilho leve e preciso \u2022 Caneca\u00a0 pl\u00e1stica &#8211;\u00a0\u00a0Especifica\u00e7\u00f5es T\u00e9cnicas: &#8211; Di\u00e2metro do bico: 1.4mm &#8211; Press\u00e3o do ar: 45 libras &#8211; Consumo do ar: 7pcm &#8211; Capacidade caneca: 600ml &#8211; Tipo de alimenta\u00e7\u00e3o: Gravidade<\/p>\n","protected":false},"featured_media":1924,"template":"","meta":{"_exactmetrics_skip_tracking":false,"_exactmetrics_sitenote_active":false,"_exactmetrics_sitenote_note":"","_exactmetrics_sitenote_category":0},"product_cat":[50],"product_tag":[],"class_list":{"0":"post-1922","1":"product","2":"type-product","3":"status-publish","4":"has-post-thumbnail","6":"product_cat-pintura","8":"first","9":"instock","10":"taxable","11":"shipping-taxable","12":"product-type-simple"},"_links":{"self":[{"href":"https:\/\/www.profiautos.com.br\/novosite\/wp-json\/wp\/v2\/product\/1922"}],"collection":[{"href":"https:\/\/www.profiautos.com.br\/novosite\/wp-json\/wp\/v2\/product"}],"about":[{"href":"https:\/\/www.profiautos.com.br\/novosite\/wp-json\/wp\/v2\/types\/product"}],"wp:featuredmedia":[{"embeddable":true,"href":"https:\/\/www.profiautos.com.br\/novosite\/wp-json\/wp\/v2\/media\/1924"}],"wp:attachment":[{"href":"https:\/\/www.profiautos.com.br\/novosite\/wp-json\/wp\/v2\/media?parent=1922"}],"wp:term":[{"taxonomy":"product_cat","embeddable":true,"href":"https:\/\/www.profiautos.com.br\/novosite\/wp-json\/wp\/v2\/product_cat?post=1922"},{"taxonomy":"product_tag","embeddable":true,"href":"https:\/\/www.profiautos.com.br\/novosite\/wp-json\/wp\/v2\/product_tag?post=1922"}],"curies":[{"name":"wp","href":"https:\/\/api.w.org\/{rel}","templated":true}]}}