{"id":1914,"date":"2018-05-08T13:04:12","date_gmt":"2018-05-08T16:04:12","guid":{"rendered":"http:\/\/www.profiautos.com.br\/novosite\/?post_type=product&#038;p=1914"},"modified":"2020-08-18T15:11:16","modified_gmt":"2020-08-18T18:11:16","slug":"conjunto-com-2-ferramentas-para-fasagem-dos-pistao-do-fiat-fire-16v","status":"publish","type":"product","link":"https:\/\/www.profiautos.com.br\/novosite\/produto\/conjunto-com-2-ferramentas-para-fasagem-dos-pistao-do-fiat-fire-16v\/","title":{"rendered":"CONJUNTO COM 2 FERRAMENTAS PARA FASAGEM DOS PIST\u00c3O DO FIAT FIRE 16V ."},"content":{"rendered":"<p>PARA INFORMA\u00c7\u00d5ES DE VALORES , (85) 9 8732-1854 OU (85) 3034-1103<\/p>\n<p>Conjunto com 2 ferramentas, para fasagem dos pist\u00f5es de motores Fiat Fire 1.0\/1.3 16V.<br \/>\nPeso: 0,62 kg<br \/>\n<strong>-Relacionamento com ve\u00edculo:<\/strong><br \/>\n&#8211; Dobl\u00f2 Fire 1.3 16V 2002\/&#8230;<br \/>\n&#8211; Palio Fire 1.0 \/ 1.3 16V 2001 \/ 2003<br \/>\n&#8211; Siena Fire 1.0 \/ 1.3 16V 2000 \/ 2003<br \/>\n<strong>&#8211; Relacionamento com ferramenta:<\/strong><br \/>\n&#8211; 121011 Ferramenta de reten\u00e7\u00e3o das polias dos comandos de v\u00e1lvula do Escort, Mondeo, Corsa, Vectra, Zafira, Meriva, com motores 16V, Marea 16V e 20V, motores Fiat Fire 8 e 16V.<br \/>\n&#8211; 141381 Conjunto com 2 ferramentas, para fasagem dos eixos de comando de v\u00e1lvulas de motores Fiat Fire 1.0\/1.3 16V.<br \/>\n&#8211; 141383 Ferramenta para travar o volante de motores Fiat Fire, 1.0\/1.3 8V e 1.0\/1.3 16V.<br \/>\n&#8211; 141384 Ferramenta para regular a tens\u00e3o da correia dentada de motores Fiat Fire 1.0 e 1.3 16V e Fire Evo 1.0 e 1.4 8v.<\/p>\n","protected":false},"excerpt":{"rendered":"<p>PARA INFORMA\u00c7\u00d5ES DE VALORES , (85) 9 8732-1854 OU (85) 3034-1103 Conjunto com 2 ferramentas, para fasagem dos pist\u00f5es de motores Fiat Fire 1.0\/1.3 16V. Peso: 0,62 kg -Relacionamento com ve\u00edculo: &#8211; Dobl\u00f2 Fire 1.3 16V 2002\/&#8230; &#8211; Palio Fire 1.0 \/ 1.3 16V 2001 \/ 2003 &#8211; Siena Fire 1.0 \/ 1.3 16V 2000 [&hellip;]<\/p>\n","protected":false},"featured_media":1915,"template":"","meta":{"_exactmetrics_skip_tracking":false,"_exactmetrics_sitenote_active":false,"_exactmetrics_sitenote_note":"","_exactmetrics_sitenote_category":0},"product_cat":[25],"product_tag":[],"class_list":{"0":"post-1914","1":"product","2":"type-product","3":"status-publish","4":"has-post-thumbnail","6":"product_cat-especiais","8":"first","9":"instock","10":"taxable","11":"shipping-taxable","12":"product-type-simple"},"_links":{"self":[{"href":"https:\/\/www.profiautos.com.br\/novosite\/wp-json\/wp\/v2\/product\/1914"}],"collection":[{"href":"https:\/\/www.profiautos.com.br\/novosite\/wp-json\/wp\/v2\/product"}],"about":[{"href":"https:\/\/www.profiautos.com.br\/novosite\/wp-json\/wp\/v2\/types\/product"}],"wp:featuredmedia":[{"embeddable":true,"href":"https:\/\/www.profiautos.com.br\/novosite\/wp-json\/wp\/v2\/media\/1915"}],"wp:attachment":[{"href":"https:\/\/www.profiautos.com.br\/novosite\/wp-json\/wp\/v2\/media?parent=1914"}],"wp:term":[{"taxonomy":"product_cat","embeddable":true,"href":"https:\/\/www.profiautos.com.br\/novosite\/wp-json\/wp\/v2\/product_cat?post=1914"},{"taxonomy":"product_tag","embeddable":true,"href":"https:\/\/www.profiautos.com.br\/novosite\/wp-json\/wp\/v2\/product_tag?post=1914"}],"curies":[{"name":"wp","href":"https:\/\/api.w.org\/{rel}","templated":true}]}}