{"id":1904,"date":"2018-05-04T16:15:54","date_gmt":"2018-05-04T19:15:54","guid":{"rendered":"http:\/\/www.profiautos.com.br\/novosite\/?post_type=product&#038;p=1904"},"modified":"2020-08-18T15:11:38","modified_gmt":"2020-08-18T18:11:38","slug":"regulador-de-pressao-do-acetileno-v8-brasil","status":"publish","type":"product","link":"https:\/\/www.profiautos.com.br\/novosite\/produto\/regulador-de-pressao-do-acetileno-v8-brasil\/","title":{"rendered":"REGULADOR DE PRESS\u00c3O DO ACETILENO &#8211; V8 BRASIL ."},"content":{"rendered":"<ul>\n<li><strong>PARA INFORMA\u00c7\u00d5ES DE VALORES , (85) 9 8732-1854 OU (85) 3034-1103<\/strong><\/li>\n<\/ul>\n<p>&nbsp;<\/p>\n<ul>\n<li><strong>REGULADOR DE PRESS\u00c3O PARA ACETILENO .\u00a0<\/strong><\/li>\n<\/ul>\n<div>\u00a0&#8211; O regulador de press\u00e3o \u00e9 um aparelho pneum\u00e1tico, projetado para reduzir a press\u00e3o do cilindro para uma press\u00e3o definida de uso, mantendo-a constante, mesmo que exista grande varia\u00e7\u00e3o de press\u00e3o de entrada e na vaz\u00e3o de sa\u00edda do g\u00e1s.<\/div>\n<div><strong>* VANTAGENS<\/strong><\/div>\n<div>\u00a0&#8211; Alta durabilidade<\/div>\n<div>&#8211; Escala de f\u00e1cil leitura<\/div>\n<div>&#8211; F\u00e1cil manuten\u00e7\u00e3o<\/div>\n<div>&#8211; Corpo em lat\u00e3o forjado<\/div>\n<div><\/div>\n<div><strong>* ESPECIFICA\u00c7\u00d5ES T\u00c9CNICAS\u00a0<\/strong><\/div>\n<div><strong>&#8211; Regulador de Press\u00e3o ACETILENO\u00a0<\/strong><\/div>\n<div>\u00a0&#8211; Press\u00e3o m\u00e1xima de entrada: 25 kg\/cm\u00b2<\/div>\n<div>&#8211; Press\u00e3o m\u00e1xima de sa\u00edda: 1,5 kg\/cm\u00b2<\/div>\n<div>&#8211; Conex\u00e3o de entrada: UNF 7\/8, LH<\/div>\n<div>&#8211; Conex\u00e3o de sa\u00edda: 9\/16 UNF \u2013 18,LH<\/div>\n<div>&#8211; Vaz\u00e3o: 6 m\u00b3\/h<\/div>\n<div>&#8211; Man\u00f4metro: f60 mm, NPT1\/4<\/div>\n<div>&#8211; Modelo: V8-AC-10<\/div>\n","protected":false},"excerpt":{"rendered":"<p>PARA INFORMA\u00c7\u00d5ES DE VALORES , (85) 9 8732-1854 OU (85) 3034-1103 &nbsp; REGULADOR DE PRESS\u00c3O PARA ACETILENO .\u00a0 \u00a0&#8211; O regulador de press\u00e3o \u00e9 um aparelho pneum\u00e1tico, projetado para reduzir a press\u00e3o do cilindro para uma press\u00e3o definida de uso, mantendo-a constante, mesmo que exista grande varia\u00e7\u00e3o de press\u00e3o de entrada e na vaz\u00e3o de [&hellip;]<\/p>\n","protected":false},"featured_media":1905,"template":"","meta":{"_exactmetrics_skip_tracking":false,"_exactmetrics_sitenote_active":false,"_exactmetrics_sitenote_note":"","_exactmetrics_sitenote_category":0},"product_cat":[25],"product_tag":[],"class_list":{"0":"post-1904","1":"product","2":"type-product","3":"status-publish","4":"has-post-thumbnail","6":"product_cat-especiais","8":"first","9":"instock","10":"taxable","11":"shipping-taxable","12":"product-type-simple"},"_links":{"self":[{"href":"https:\/\/www.profiautos.com.br\/novosite\/wp-json\/wp\/v2\/product\/1904"}],"collection":[{"href":"https:\/\/www.profiautos.com.br\/novosite\/wp-json\/wp\/v2\/product"}],"about":[{"href":"https:\/\/www.profiautos.com.br\/novosite\/wp-json\/wp\/v2\/types\/product"}],"wp:featuredmedia":[{"embeddable":true,"href":"https:\/\/www.profiautos.com.br\/novosite\/wp-json\/wp\/v2\/media\/1905"}],"wp:attachment":[{"href":"https:\/\/www.profiautos.com.br\/novosite\/wp-json\/wp\/v2\/media?parent=1904"}],"wp:term":[{"taxonomy":"product_cat","embeddable":true,"href":"https:\/\/www.profiautos.com.br\/novosite\/wp-json\/wp\/v2\/product_cat?post=1904"},{"taxonomy":"product_tag","embeddable":true,"href":"https:\/\/www.profiautos.com.br\/novosite\/wp-json\/wp\/v2\/product_tag?post=1904"}],"curies":[{"name":"wp","href":"https:\/\/api.w.org\/{rel}","templated":true}]}}