{"id":1895,"date":"2018-05-03T13:34:36","date_gmt":"2018-05-03T16:34:36","guid":{"rendered":"http:\/\/www.profiautos.com.br\/novosite\/?post_type=product&#038;p=1895"},"modified":"2021-07-08T09:48:55","modified_gmt":"2021-07-08T12:48:55","slug":"detector-de-vazamento-2","status":"publish","type":"product","link":"https:\/\/www.profiautos.com.br\/novosite\/produto\/detector-de-vazamento-2\/","title":{"rendered":"DETECTOR DE VAZAMENTO"},"content":{"rendered":"<p>PARA INFORMA\u00c7\u00d5ES DE VALORES , (85) 9 8732-1854 OU (85) 3034-1103<\/p>\n<p>Detector eletronico de vazamento de gas para refrigeracao Suryha<br \/>\nBaixo consumo e pequeno<br \/>\nUltra sens\u00edvel (0,1 oz yr)<br \/>\n1-5 n\u00edveis de sensibilidade<br \/>\nLED s de aviso de vazamento<br \/>\nF\u00e1cil opera\u00e7\u00e3o<br \/>\nAcompanha sensor sobressalente<br \/>\nMelhor custo x benef\u00edcio do mercado<\/p>\n","protected":false},"excerpt":{"rendered":"<p>PARA INFORMA\u00c7\u00d5ES DE VALORES , (85) 9 8732-1854 OU (85) 3034-1103 Detector eletronico de vazamento de gas para refrigeracao Suryha Baixo consumo e pequeno Ultra sens\u00edvel (0,1 oz yr) 1-5 n\u00edveis de sensibilidade LED s de aviso de vazamento F\u00e1cil opera\u00e7\u00e3o Acompanha sensor sobressalente Melhor custo x benef\u00edcio do mercado<\/p>\n","protected":false},"featured_media":1896,"template":"","meta":{"_exactmetrics_skip_tracking":false,"_exactmetrics_sitenote_active":false,"_exactmetrics_sitenote_note":"","_exactmetrics_sitenote_category":0},"product_cat":[28],"product_tag":[],"class_list":{"0":"post-1895","1":"product","2":"type-product","3":"status-publish","4":"has-post-thumbnail","6":"product_cat-ar-condicionado","8":"first","9":"instock","10":"taxable","11":"shipping-taxable","12":"product-type-simple"},"_links":{"self":[{"href":"https:\/\/www.profiautos.com.br\/novosite\/wp-json\/wp\/v2\/product\/1895"}],"collection":[{"href":"https:\/\/www.profiautos.com.br\/novosite\/wp-json\/wp\/v2\/product"}],"about":[{"href":"https:\/\/www.profiautos.com.br\/novosite\/wp-json\/wp\/v2\/types\/product"}],"wp:featuredmedia":[{"embeddable":true,"href":"https:\/\/www.profiautos.com.br\/novosite\/wp-json\/wp\/v2\/media\/1896"}],"wp:attachment":[{"href":"https:\/\/www.profiautos.com.br\/novosite\/wp-json\/wp\/v2\/media?parent=1895"}],"wp:term":[{"taxonomy":"product_cat","embeddable":true,"href":"https:\/\/www.profiautos.com.br\/novosite\/wp-json\/wp\/v2\/product_cat?post=1895"},{"taxonomy":"product_tag","embeddable":true,"href":"https:\/\/www.profiautos.com.br\/novosite\/wp-json\/wp\/v2\/product_tag?post=1895"}],"curies":[{"name":"wp","href":"https:\/\/api.w.org\/{rel}","templated":true}]}}