{"id":1890,"date":"2018-05-03T09:15:01","date_gmt":"2018-05-03T12:15:01","guid":{"rendered":"http:\/\/www.profiautos.com.br\/novosite\/?post_type=product&#038;p=1890"},"modified":"2020-08-18T14:45:23","modified_gmt":"2020-08-18T17:45:23","slug":"macarico-para-solda","status":"publish","type":"product","link":"https:\/\/www.profiautos.com.br\/novosite\/produto\/macarico-para-solda\/","title":{"rendered":"MA\u00c7ARICO PARA SOLDA"},"content":{"rendered":"<p>PARA INFORMA\u00c7\u00d5ES DE VALORES , (85) 9 8732-1854 OU (85) 3034-1103<\/p>\n<p>Ma\u00e7arico para soldas manuais<br \/>\nFabricado em material de \u00f3tima qualidade.<br \/>\nUtilizado em trabalhos de soldagem ou brasagens leves e m\u00e9dias.<\/p>\n<p>DADOS T\u00c9CNICOSMarca: NOLL<br \/>\nDescri\u00e7\u00e3o: MA 200<br \/>\nModelo de extens\u00e3o: 200<\/p>\n","protected":false},"excerpt":{"rendered":"<p>PARA INFORMA\u00c7\u00d5ES DE VALORES , (85) 9 8732-1854 OU (85) 3034-1103 Ma\u00e7arico para soldas manuais Fabricado em material de \u00f3tima qualidade. Utilizado em trabalhos de soldagem ou brasagens leves e m\u00e9dias. DADOS T\u00c9CNICOSMarca: NOLL Descri\u00e7\u00e3o: MA 200 Modelo de extens\u00e3o: 200<\/p>\n","protected":false},"featured_media":1891,"template":"","meta":{"_exactmetrics_skip_tracking":false,"_exactmetrics_sitenote_active":false,"_exactmetrics_sitenote_note":"","_exactmetrics_sitenote_category":0},"product_cat":[18],"product_tag":[],"class_list":{"0":"post-1890","1":"product","2":"type-product","3":"status-publish","4":"has-post-thumbnail","6":"product_cat-diversas","8":"first","9":"instock","10":"taxable","11":"shipping-taxable","12":"product-type-simple"},"_links":{"self":[{"href":"https:\/\/www.profiautos.com.br\/novosite\/wp-json\/wp\/v2\/product\/1890"}],"collection":[{"href":"https:\/\/www.profiautos.com.br\/novosite\/wp-json\/wp\/v2\/product"}],"about":[{"href":"https:\/\/www.profiautos.com.br\/novosite\/wp-json\/wp\/v2\/types\/product"}],"wp:featuredmedia":[{"embeddable":true,"href":"https:\/\/www.profiautos.com.br\/novosite\/wp-json\/wp\/v2\/media\/1891"}],"wp:attachment":[{"href":"https:\/\/www.profiautos.com.br\/novosite\/wp-json\/wp\/v2\/media?parent=1890"}],"wp:term":[{"taxonomy":"product_cat","embeddable":true,"href":"https:\/\/www.profiautos.com.br\/novosite\/wp-json\/wp\/v2\/product_cat?post=1890"},{"taxonomy":"product_tag","embeddable":true,"href":"https:\/\/www.profiautos.com.br\/novosite\/wp-json\/wp\/v2\/product_tag?post=1890"}],"curies":[{"name":"wp","href":"https:\/\/api.w.org\/{rel}","templated":true}]}}