{"id":1888,"date":"2018-05-03T09:00:06","date_gmt":"2018-05-03T12:00:06","guid":{"rendered":"http:\/\/www.profiautos.com.br\/novosite\/?post_type=product&#038;p=1888"},"modified":"2021-07-08T09:48:59","modified_gmt":"2021-07-08T12:48:59","slug":"alicate-amperimetro-hikari","status":"publish","type":"product","link":"https:\/\/www.profiautos.com.br\/novosite\/produto\/alicate-amperimetro-hikari\/","title":{"rendered":"ALICATE AMPER\u00cdMETRO &#8211; HIKARI"},"content":{"rendered":"<p>ALICATE AMPER\u00cdMETRO E MULT\u00cdMETRO DIGITAL HA-300 HIKARI .<\/p>\n","protected":false},"excerpt":{"rendered":"<p>ALICATE AMPER\u00cdMETRO E MULT\u00cdMETRO DIGITAL HA-300 HIKARI .<\/p>\n","protected":false},"featured_media":1889,"template":"","meta":{"_exactmetrics_skip_tracking":false,"_exactmetrics_sitenote_active":false,"_exactmetrics_sitenote_note":"","_exactmetrics_sitenote_category":0},"product_cat":[21],"product_tag":[],"class_list":{"0":"post-1888","1":"product","2":"type-product","3":"status-publish","4":"has-post-thumbnail","6":"product_cat-injecao-eletronica","8":"first","9":"instock","10":"taxable","11":"shipping-taxable","12":"product-type-simple"},"_links":{"self":[{"href":"https:\/\/www.profiautos.com.br\/novosite\/wp-json\/wp\/v2\/product\/1888"}],"collection":[{"href":"https:\/\/www.profiautos.com.br\/novosite\/wp-json\/wp\/v2\/product"}],"about":[{"href":"https:\/\/www.profiautos.com.br\/novosite\/wp-json\/wp\/v2\/types\/product"}],"wp:featuredmedia":[{"embeddable":true,"href":"https:\/\/www.profiautos.com.br\/novosite\/wp-json\/wp\/v2\/media\/1889"}],"wp:attachment":[{"href":"https:\/\/www.profiautos.com.br\/novosite\/wp-json\/wp\/v2\/media?parent=1888"}],"wp:term":[{"taxonomy":"product_cat","embeddable":true,"href":"https:\/\/www.profiautos.com.br\/novosite\/wp-json\/wp\/v2\/product_cat?post=1888"},{"taxonomy":"product_tag","embeddable":true,"href":"https:\/\/www.profiautos.com.br\/novosite\/wp-json\/wp\/v2\/product_tag?post=1888"}],"curies":[{"name":"wp","href":"https:\/\/api.w.org\/{rel}","templated":true}]}}