{"id":1886,"date":"2018-05-03T08:52:19","date_gmt":"2018-05-03T11:52:19","guid":{"rendered":"http:\/\/www.profiautos.com.br\/novosite\/?post_type=product&#038;p=1886"},"modified":"2021-07-08T09:49:05","modified_gmt":"2021-07-08T12:49:05","slug":"capacimetro-hcp-100-hikari","status":"publish","type":"product","link":"https:\/\/www.profiautos.com.br\/novosite\/produto\/capacimetro-hcp-100-hikari\/","title":{"rendered":"CAPAC\u00cdMETRO HCP 100 &#8211; HIKARI"},"content":{"rendered":"<p>Display LCD \/ Contagem: 3 \u00bd Dig. \/ 2000 Faixas de Medida: 200p\/2n\/20n\/200n\/ 2\u00b5\/20\u00b5\/200\u00b5\/2000\u00b5\/20000\u00b5F Frequ\u00eancia de teste: 200p ~ 2\u00b5F &#8211; 800Hz 20\u00b5F &#8211; 80Hz 200\u00b5 ~ 20000\u00b5F &#8211; 8Hz Ajuste de Zero: \u00b120pF Entrada Protegida: Fus\u00edvel Precis\u00e3o B\u00e1sica: 0,5% Dimens\u00f5es: 190x90x30mm Peso: 300g .<\/p>\n","protected":false},"excerpt":{"rendered":"<p>Display LCD \/ Contagem: 3 \u00bd Dig. \/ 2000 Faixas de Medida: 200p\/2n\/20n\/200n\/ 2\u00b5\/20\u00b5\/200\u00b5\/2000\u00b5\/20000\u00b5F Frequ\u00eancia de teste: 200p ~ 2\u00b5F &#8211; 800Hz 20\u00b5F &#8211; 80Hz 200\u00b5 ~ 20000\u00b5F &#8211; 8Hz Ajuste de Zero: \u00b120pF Entrada Protegida: Fus\u00edvel Precis\u00e3o B\u00e1sica: 0,5% Dimens\u00f5es: 190x90x30mm Peso: 300g .<\/p>\n","protected":false},"featured_media":1887,"template":"","meta":{"_exactmetrics_skip_tracking":false,"_exactmetrics_sitenote_active":false,"_exactmetrics_sitenote_note":"","_exactmetrics_sitenote_category":0},"product_cat":[21],"product_tag":[],"class_list":{"0":"post-1886","1":"product","2":"type-product","3":"status-publish","4":"has-post-thumbnail","6":"product_cat-injecao-eletronica","8":"first","9":"instock","10":"taxable","11":"shipping-taxable","12":"product-type-simple"},"_links":{"self":[{"href":"https:\/\/www.profiautos.com.br\/novosite\/wp-json\/wp\/v2\/product\/1886"}],"collection":[{"href":"https:\/\/www.profiautos.com.br\/novosite\/wp-json\/wp\/v2\/product"}],"about":[{"href":"https:\/\/www.profiautos.com.br\/novosite\/wp-json\/wp\/v2\/types\/product"}],"wp:featuredmedia":[{"embeddable":true,"href":"https:\/\/www.profiautos.com.br\/novosite\/wp-json\/wp\/v2\/media\/1887"}],"wp:attachment":[{"href":"https:\/\/www.profiautos.com.br\/novosite\/wp-json\/wp\/v2\/media?parent=1886"}],"wp:term":[{"taxonomy":"product_cat","embeddable":true,"href":"https:\/\/www.profiautos.com.br\/novosite\/wp-json\/wp\/v2\/product_cat?post=1886"},{"taxonomy":"product_tag","embeddable":true,"href":"https:\/\/www.profiautos.com.br\/novosite\/wp-json\/wp\/v2\/product_tag?post=1886"}],"curies":[{"name":"wp","href":"https:\/\/api.w.org\/{rel}","templated":true}]}}