{"id":1883,"date":"2018-05-02T13:38:00","date_gmt":"2018-05-02T16:38:00","guid":{"rendered":"http:\/\/www.profiautos.com.br\/novosite\/?post_type=product&#038;p=1883"},"modified":"2021-07-08T09:53:51","modified_gmt":"2021-07-08T12:53:51","slug":"multimetro-digital-hm-2030-digital","status":"publish","type":"product","link":"https:\/\/www.profiautos.com.br\/novosite\/produto\/multimetro-digital-hm-2030-digital\/","title":{"rendered":"MULT\u00cdMETRO DIGITAL HM 2030 &#8211; DIGITAL"},"content":{"rendered":"<p>&#8211; True RMS<br \/>\n&#8211; Ilumina\u00e7\u00e3o do Display<br \/>\n&#8211; Teste de transistor hFE<br \/>\n&#8211; Teste de continuidade | diodo<br \/>\n&#8211; Dupla isola\u00e7\u00e3o<br \/>\n&#8211; Auto Desligamento<br \/>\n&#8211; Black Light<br \/>\n&#8211; capacit\u00e2ncia<br \/>\n&#8211; Temperatura<br \/>\n&#8211; resist\u00eancia<br \/>\n&#8211; corrente de at\u00e9 20\u00aa AC\/DC<\/p>\n","protected":false},"excerpt":{"rendered":"<p>&#8211; True RMS &#8211; Ilumina\u00e7\u00e3o do Display &#8211; Teste de transistor hFE &#8211; Teste de continuidade | diodo &#8211; Dupla isola\u00e7\u00e3o &#8211; Auto Desligamento &#8211; Black Light &#8211; capacit\u00e2ncia &#8211; Temperatura &#8211; resist\u00eancia &#8211; corrente de at\u00e9 20\u00aa AC\/DC<\/p>\n","protected":false},"featured_media":1884,"template":"","meta":{"_exactmetrics_skip_tracking":false,"_exactmetrics_sitenote_active":false,"_exactmetrics_sitenote_note":"","_exactmetrics_sitenote_category":0},"product_cat":[21],"product_tag":[],"class_list":{"0":"post-1883","1":"product","2":"type-product","3":"status-publish","4":"has-post-thumbnail","6":"product_cat-injecao-eletronica","8":"first","9":"instock","10":"taxable","11":"shipping-taxable","12":"product-type-simple"},"_links":{"self":[{"href":"https:\/\/www.profiautos.com.br\/novosite\/wp-json\/wp\/v2\/product\/1883"}],"collection":[{"href":"https:\/\/www.profiautos.com.br\/novosite\/wp-json\/wp\/v2\/product"}],"about":[{"href":"https:\/\/www.profiautos.com.br\/novosite\/wp-json\/wp\/v2\/types\/product"}],"wp:featuredmedia":[{"embeddable":true,"href":"https:\/\/www.profiautos.com.br\/novosite\/wp-json\/wp\/v2\/media\/1884"}],"wp:attachment":[{"href":"https:\/\/www.profiautos.com.br\/novosite\/wp-json\/wp\/v2\/media?parent=1883"}],"wp:term":[{"taxonomy":"product_cat","embeddable":true,"href":"https:\/\/www.profiautos.com.br\/novosite\/wp-json\/wp\/v2\/product_cat?post=1883"},{"taxonomy":"product_tag","embeddable":true,"href":"https:\/\/www.profiautos.com.br\/novosite\/wp-json\/wp\/v2\/product_tag?post=1883"}],"curies":[{"name":"wp","href":"https:\/\/api.w.org\/{rel}","templated":true}]}}