{"id":1881,"date":"2018-05-02T13:34:49","date_gmt":"2018-05-02T16:34:49","guid":{"rendered":"http:\/\/www.profiautos.com.br\/novosite\/?post_type=product&#038;p=1881"},"modified":"2021-07-08T09:54:00","modified_gmt":"2021-07-08T12:54:00","slug":"multimetro-digital-hma-120-hikari","status":"publish","type":"product","link":"https:\/\/www.profiautos.com.br\/novosite\/produto\/multimetro-digital-hma-120-hikari\/","title":{"rendered":"MULT\u00cdMETRO DIGITAL HMA 120 &#8211; HIKARI"},"content":{"rendered":"<p>O Mult\u00edmetro Digital Automotivo \u00e9 utilizado para medir grandezas dos sistemas el\u00e9tricos e eletr\u00f4nicos dos ve\u00edculos, tais como: RPM, \u00c2ngulo DWELL, tens\u00e3o DC\/AC, corrente DC\/AC, resist\u00eancia, capacit\u00e2ncia, frequ\u00eancia, Duty Cycle, temperatura e pelos testes de Diodo e Continuidade. Possui prote\u00e7\u00e3o de material flex\u00edvel (holster) que \u00e9 mold\u00e1vel ao gabinete do instrumento.<\/p>\n<p>&#8211; Apresenta fun\u00e7\u00f5es Auto-Range, Relativo, Data Hold, Range, Ilumina\u00e7\u00e3o do Display e Indicador de Bateria Fraca<\/p>\n<p>&#8211; Especifica\u00e7\u00f5es T\u00e9cnicas:<br \/>\n:: Display LCD\/Contagem: 3 3\/4 Dig.\/4000<br \/>\n:: Tem ilumina\u00e7\u00e3o<br \/>\n:: RPM (Garra Indutiva): 600 ~ 4000RPM \/ 600 ~ 12000RPM<br \/>\n:: DWELL (\u00c2ngulo de Perman\u00eancia): 0 ~180\u00ba (2 ~10 Cil.)<br \/>\n:: Tens\u00e3o DC: 400 mV\/ 4V\/ 40V\/ 400V\/ 600V<br \/>\n:: Tens\u00e3o AC: 400 mV\/ 4V\/ 40V\/ 400V\/ 600V<br \/>\n:: Corrente DC: 400uA\/ 4000uA\/ 40mA\/ 400mA\/ 4A\/ 10A<br \/>\n:: Corrente AC: 400uA\/ 4000uA\/ 40mA\/ 400mA\/ 4A\/ 10A<br \/>\n:: Resist\u00eancia: 400 Ohm\/4k Ohm\/40k Ohm\/400k Ohm\/4M Ohm\/40M Ohm<br \/>\n:: Temperatura: -20\u00baC ~ 760\u00baC \/ -4\u00baF ~1400\u00baF<br \/>\n:: Capacit\u00e2ncia: 40nF\/400nF\/4uF\/40uF\/100uF<br \/>\n:: Frequ\u00eancia: 5Hz\/ 50Hz\/ 500Hz\/ 5kHz\/ 50kHz\/ 500kHz\/ 10MHz<br \/>\n:: Teste de Continuidade \/ Diodo: SIM<br \/>\n:: Duty Cycle: 0,1 ~ 99,9%<br \/>\n:: Mudan\u00e7a de Faixa: Autom\u00e1tica \/ Manual<br \/>\n:: Fun\u00e7\u00e3o Auto Desligamento<br \/>\n:: Fun\u00e7\u00e3o Data Hold<br \/>\n:: Relativo: sim<br \/>\n:: Precis\u00e3o B\u00e1sica: 0,5%<br \/>\n:: Categoria: CAT III 600V<br \/>\n:: Dimens\u00f5es: 146x66x41mm<br \/>\n:: Peso: 200g<\/p>\n<p>&#8211; Acess\u00f3rios:<br \/>\n:: Ponta de Prova<br \/>\n:: Ponta de Prova Tipo Jacar\u00e9<br \/>\n:: Garra Indutiva para RPM<br \/>\n:: Termopar Tipo K<br \/>\n:: Adaptador para Termopar<br \/>\n:: Bateria 9V<\/p>\n","protected":false},"excerpt":{"rendered":"<p>O Mult\u00edmetro Digital Automotivo \u00e9 utilizado para medir grandezas dos sistemas el\u00e9tricos e eletr\u00f4nicos dos ve\u00edculos, tais como: RPM, \u00c2ngulo DWELL, tens\u00e3o DC\/AC, corrente DC\/AC, resist\u00eancia, capacit\u00e2ncia, frequ\u00eancia, Duty Cycle, temperatura e pelos testes de Diodo e Continuidade. Possui prote\u00e7\u00e3o de material flex\u00edvel (holster) que \u00e9 mold\u00e1vel ao gabinete do instrumento. &#8211; Apresenta fun\u00e7\u00f5es Auto-Range, [&hellip;]<\/p>\n","protected":false},"featured_media":1882,"template":"","meta":{"_exactmetrics_skip_tracking":false,"_exactmetrics_sitenote_active":false,"_exactmetrics_sitenote_note":"","_exactmetrics_sitenote_category":0},"product_cat":[21],"product_tag":[],"class_list":{"0":"post-1881","1":"product","2":"type-product","3":"status-publish","4":"has-post-thumbnail","6":"product_cat-injecao-eletronica","8":"first","9":"instock","10":"taxable","11":"shipping-taxable","12":"product-type-simple"},"_links":{"self":[{"href":"https:\/\/www.profiautos.com.br\/novosite\/wp-json\/wp\/v2\/product\/1881"}],"collection":[{"href":"https:\/\/www.profiautos.com.br\/novosite\/wp-json\/wp\/v2\/product"}],"about":[{"href":"https:\/\/www.profiautos.com.br\/novosite\/wp-json\/wp\/v2\/types\/product"}],"wp:featuredmedia":[{"embeddable":true,"href":"https:\/\/www.profiautos.com.br\/novosite\/wp-json\/wp\/v2\/media\/1882"}],"wp:attachment":[{"href":"https:\/\/www.profiautos.com.br\/novosite\/wp-json\/wp\/v2\/media?parent=1881"}],"wp:term":[{"taxonomy":"product_cat","embeddable":true,"href":"https:\/\/www.profiautos.com.br\/novosite\/wp-json\/wp\/v2\/product_cat?post=1881"},{"taxonomy":"product_tag","embeddable":true,"href":"https:\/\/www.profiautos.com.br\/novosite\/wp-json\/wp\/v2\/product_tag?post=1881"}],"curies":[{"name":"wp","href":"https:\/\/api.w.org\/{rel}","templated":true}]}}