{"id":1876,"date":"2018-05-02T13:03:49","date_gmt":"2018-05-02T16:03:49","guid":{"rendered":"http:\/\/www.profiautos.com.br\/novosite\/?post_type=product&#038;p=1876"},"modified":"2021-07-08T09:54:21","modified_gmt":"2021-07-08T12:54:21","slug":"multimetro-digital-hm-2021-hikari","status":"publish","type":"product","link":"https:\/\/www.profiautos.com.br\/novosite\/produto\/multimetro-digital-hm-2021-hikari\/","title":{"rendered":"MULT\u00cdMETRO DIGITAL HM 2021 &#8211; HIKARI"},"content":{"rendered":"<p><strong>Mult\u00edmetro Digital com Bra\u00e7adeira Hikari HM-202<\/strong>1<\/p>\n<p>O Mult\u00edmetro Digital c\/ Bra\u00e7adeira Hikari HM-2021 se destaca pelas fun\u00e7\u00f5es Auto-Range, M\u00e1ximo Hold, Data Hold, Ilumina\u00e7\u00e3o do Display e Indicador de Bateria Fraca. O projeto da estrutura adota um holster protetor que se molda ao gabinete do Mult\u00edmetro, diferenciando-o dos padr\u00f5es convencionais. Como caracter\u00edstica adicional este instrumento apresenta as medidas de tens\u00e3o DC\/AC, corrente DC\/AC, resist\u00eancia, temperatura, bateria e pelos testes de diodo e continuidade.<\/p>\n<p>O Mult\u00edmetro tem como acess\u00f3rio um bracelete que pode ser usado como suporte fixo no bra\u00e7o ou como al\u00e7a de suspens\u00e3o deixando as m\u00e3os livres para melhor opera\u00e7\u00e3o e leitura. Outro acess\u00f3rio \u00fatil \u00e9 o im\u00e3, que pode ser utilizado como suporte para o instrumento em estruturas met\u00e1licas.<\/p>\n","protected":false},"excerpt":{"rendered":"<p>Mult\u00edmetro Digital com Bra\u00e7adeira Hikari HM-2021 O Mult\u00edmetro Digital c\/ Bra\u00e7adeira Hikari HM-2021 se destaca pelas fun\u00e7\u00f5es Auto-Range, M\u00e1ximo Hold, Data Hold, Ilumina\u00e7\u00e3o do Display e Indicador de Bateria Fraca. O projeto da estrutura adota um holster protetor que se molda ao gabinete do Mult\u00edmetro, diferenciando-o dos padr\u00f5es convencionais. Como caracter\u00edstica adicional este instrumento apresenta [&hellip;]<\/p>\n","protected":false},"featured_media":1877,"template":"","meta":{"_exactmetrics_skip_tracking":false,"_exactmetrics_sitenote_active":false,"_exactmetrics_sitenote_note":"","_exactmetrics_sitenote_category":0},"product_cat":[21],"product_tag":[],"class_list":{"0":"post-1876","1":"product","2":"type-product","3":"status-publish","4":"has-post-thumbnail","6":"product_cat-injecao-eletronica","8":"first","9":"instock","10":"taxable","11":"shipping-taxable","12":"product-type-simple"},"_links":{"self":[{"href":"https:\/\/www.profiautos.com.br\/novosite\/wp-json\/wp\/v2\/product\/1876"}],"collection":[{"href":"https:\/\/www.profiautos.com.br\/novosite\/wp-json\/wp\/v2\/product"}],"about":[{"href":"https:\/\/www.profiautos.com.br\/novosite\/wp-json\/wp\/v2\/types\/product"}],"wp:featuredmedia":[{"embeddable":true,"href":"https:\/\/www.profiautos.com.br\/novosite\/wp-json\/wp\/v2\/media\/1877"}],"wp:attachment":[{"href":"https:\/\/www.profiautos.com.br\/novosite\/wp-json\/wp\/v2\/media?parent=1876"}],"wp:term":[{"taxonomy":"product_cat","embeddable":true,"href":"https:\/\/www.profiautos.com.br\/novosite\/wp-json\/wp\/v2\/product_cat?post=1876"},{"taxonomy":"product_tag","embeddable":true,"href":"https:\/\/www.profiautos.com.br\/novosite\/wp-json\/wp\/v2\/product_tag?post=1876"}],"curies":[{"name":"wp","href":"https:\/\/api.w.org\/{rel}","templated":true}]}}