{"id":1874,"date":"2018-05-02T12:34:46","date_gmt":"2018-05-02T15:34:46","guid":{"rendered":"http:\/\/www.profiautos.com.br\/novosite\/?post_type=product&#038;p=1874"},"modified":"2021-07-08T09:54:26","modified_gmt":"2021-07-08T12:54:26","slug":"multimetro-digital-hikari","status":"publish","type":"product","link":"https:\/\/www.profiautos.com.br\/novosite\/produto\/multimetro-digital-hikari\/","title":{"rendered":"MULT\u00cdMETRO DIGITAL HM 2023 &#8211; HIKARI"},"content":{"rendered":"<p>O Mult\u00edmetro Digital HM-2023 se destaca pelas fun\u00e7\u00f5es Auto-Range, Relativo, Data Hold, ilumina\u00e7\u00e3o do display automatica de acordo com a luminosidade do ambiente, indicador de bateria fraca e teste de linha viva sem contato (NCV). O projeto da estrutura adota um holster protetor que se molda ao gabinete do instrumento, diferente dos padr\u00f5es convencionais.<br \/>\nComo caracter\u00edstica adicional apresenta as medidas de tens\u00e3o DC\/AC, corrente DC\/AC, resist\u00eancia, capacit\u00e2ncia, frequ\u00eancia, duty cicle e pelos testes de continuidade e diodo.<\/p>\n","protected":false},"excerpt":{"rendered":"<p>O Mult\u00edmetro Digital HM-2023 se destaca pelas fun\u00e7\u00f5es Auto-Range, Relativo, Data Hold, ilumina\u00e7\u00e3o do display automatica de acordo com a luminosidade do ambiente, indicador de bateria fraca e teste de linha viva sem contato (NCV). O projeto da estrutura adota um holster protetor que se molda ao gabinete do instrumento, diferente dos padr\u00f5es convencionais. Como [&hellip;]<\/p>\n","protected":false},"featured_media":1875,"template":"","meta":{"_exactmetrics_skip_tracking":false,"_exactmetrics_sitenote_active":false,"_exactmetrics_sitenote_note":"","_exactmetrics_sitenote_category":0},"product_cat":[21],"product_tag":[],"class_list":{"0":"post-1874","1":"product","2":"type-product","3":"status-publish","4":"has-post-thumbnail","6":"product_cat-injecao-eletronica","8":"first","9":"outofstock","10":"taxable","11":"shipping-taxable","12":"product-type-simple"},"_links":{"self":[{"href":"https:\/\/www.profiautos.com.br\/novosite\/wp-json\/wp\/v2\/product\/1874"}],"collection":[{"href":"https:\/\/www.profiautos.com.br\/novosite\/wp-json\/wp\/v2\/product"}],"about":[{"href":"https:\/\/www.profiautos.com.br\/novosite\/wp-json\/wp\/v2\/types\/product"}],"wp:featuredmedia":[{"embeddable":true,"href":"https:\/\/www.profiautos.com.br\/novosite\/wp-json\/wp\/v2\/media\/1875"}],"wp:attachment":[{"href":"https:\/\/www.profiautos.com.br\/novosite\/wp-json\/wp\/v2\/media?parent=1874"}],"wp:term":[{"taxonomy":"product_cat","embeddable":true,"href":"https:\/\/www.profiautos.com.br\/novosite\/wp-json\/wp\/v2\/product_cat?post=1874"},{"taxonomy":"product_tag","embeddable":true,"href":"https:\/\/www.profiautos.com.br\/novosite\/wp-json\/wp\/v2\/product_tag?post=1874"}],"curies":[{"name":"wp","href":"https:\/\/api.w.org\/{rel}","templated":true}]}}