{"id":1832,"date":"2018-04-23T12:01:36","date_gmt":"2018-04-23T15:01:36","guid":{"rendered":"http:\/\/www.profiautos.com.br\/novosite\/?post_type=product&#038;p=1832"},"modified":"2021-07-08T09:20:29","modified_gmt":"2021-07-08T12:20:29","slug":"jogo-de-martelo-e-tassos-black-jack","status":"publish","type":"product","link":"https:\/\/www.profiautos.com.br\/novosite\/produto\/jogo-de-martelo-e-tassos-black-jack\/","title":{"rendered":"JOGO DE MARTELO E TASSOS &#8211; BLACK JACK"},"content":{"rendered":"<p>Jogo de Martelos e Tassos para Funileiro em A\u00e7o Forjado.<\/p>\n<p>Marca: Black Jack<br \/>\nModelo: G150<br \/>\nMartelos em a\u00e7o forjado<br \/>\nCabo de fibra de vidro ergon\u00f4mico emborrachado<br \/>\nAcompanha Maleta, 3 martelos e 4 tassos<br \/>\nPeso: 5 Kg<\/p>\n","protected":false},"excerpt":{"rendered":"<p>Jogo de Martelos e Tassos para Funileiro em A\u00e7o Forjado. Marca: Black Jack Modelo: G150 Martelos em a\u00e7o forjado Cabo de fibra de vidro ergon\u00f4mico emborrachado Acompanha Maleta, 3 martelos e 4 tassos Peso: 5 Kg<\/p>\n","protected":false},"featured_media":1833,"template":"","meta":{"_exactmetrics_skip_tracking":false,"_exactmetrics_sitenote_active":false,"_exactmetrics_sitenote_note":"","_exactmetrics_sitenote_category":0},"product_cat":[50],"product_tag":[],"class_list":{"0":"post-1832","1":"product","2":"type-product","3":"status-publish","4":"has-post-thumbnail","6":"product_cat-pintura","8":"first","9":"instock","10":"taxable","11":"shipping-taxable","12":"product-type-simple"},"_links":{"self":[{"href":"https:\/\/www.profiautos.com.br\/novosite\/wp-json\/wp\/v2\/product\/1832"}],"collection":[{"href":"https:\/\/www.profiautos.com.br\/novosite\/wp-json\/wp\/v2\/product"}],"about":[{"href":"https:\/\/www.profiautos.com.br\/novosite\/wp-json\/wp\/v2\/types\/product"}],"wp:featuredmedia":[{"embeddable":true,"href":"https:\/\/www.profiautos.com.br\/novosite\/wp-json\/wp\/v2\/media\/1833"}],"wp:attachment":[{"href":"https:\/\/www.profiautos.com.br\/novosite\/wp-json\/wp\/v2\/media?parent=1832"}],"wp:term":[{"taxonomy":"product_cat","embeddable":true,"href":"https:\/\/www.profiautos.com.br\/novosite\/wp-json\/wp\/v2\/product_cat?post=1832"},{"taxonomy":"product_tag","embeddable":true,"href":"https:\/\/www.profiautos.com.br\/novosite\/wp-json\/wp\/v2\/product_tag?post=1832"}],"curies":[{"name":"wp","href":"https:\/\/api.w.org\/{rel}","templated":true}]}}