{"id":1806,"date":"2018-04-23T08:14:37","date_gmt":"2018-04-23T11:14:37","guid":{"rendered":"http:\/\/www.profiautos.com.br\/novosite\/?post_type=product&#038;p=1806"},"modified":"2020-08-18T12:55:34","modified_gmt":"2020-08-18T15:55:34","slug":"acessorio-para-balanceadora-de-rodas","status":"publish","type":"product","link":"https:\/\/www.profiautos.com.br\/novosite\/produto\/acessorio-para-balanceadora-de-rodas\/","title":{"rendered":"MARTELO DE BORRACHA"},"content":{"rendered":"<p>PARA INFORMA\u00c7\u00d5ES DE VALORES , (85) 9 8732-1854 OU (85) 3034-1103<\/p>\n<p>O martelo de borracha conta com cabo feito em fibra de vidro resistente \u00e0 solventes org\u00e2nicos, proporcionando o armazenamento da ferramenta em v\u00e1rias condi\u00e7\u00f5es. Possui dureza 75 na escala Shore A, permitindo maior efici\u00eancia na utiliza\u00e7\u00e3o.\u00a0Indicado para aplica\u00e7\u00e3o de pisos de cer\u00e2mica.<\/p>\n<p><strong>&#8211; Caracter\u00edsticas<\/strong>:<br \/>\n:: Cor: Preta<br \/>\n:: Dureza da ferramenta: 75, de acordo com escala Shore A<br \/>\n:: Medida: 60mm<br \/>\n:: Peso: 450g<br \/>\n:: Cabo de fibra com revestimento em borracha termopl\u00e1stica<\/p>\n","protected":false},"excerpt":{"rendered":"<p>PARA INFORMA\u00c7\u00d5ES DE VALORES , (85) 9 8732-1854 OU (85) 3034-1103 O martelo de borracha conta com cabo feito em fibra de vidro resistente \u00e0 solventes org\u00e2nicos, proporcionando o armazenamento da ferramenta em v\u00e1rias condi\u00e7\u00f5es. Possui dureza 75 na escala Shore A, permitindo maior efici\u00eancia na utiliza\u00e7\u00e3o.\u00a0Indicado para aplica\u00e7\u00e3o de pisos de cer\u00e2mica. &#8211; Caracter\u00edsticas: [&hellip;]<\/p>\n","protected":false},"featured_media":1807,"template":"","meta":{"_exactmetrics_skip_tracking":false,"_exactmetrics_sitenote_active":false,"_exactmetrics_sitenote_note":"","_exactmetrics_sitenote_category":0},"product_cat":[17],"product_tag":[],"class_list":{"0":"post-1806","1":"product","2":"type-product","3":"status-publish","4":"has-post-thumbnail","6":"product_cat-borracharia","8":"first","9":"instock","10":"taxable","11":"shipping-taxable","12":"product-type-simple"},"_links":{"self":[{"href":"https:\/\/www.profiautos.com.br\/novosite\/wp-json\/wp\/v2\/product\/1806"}],"collection":[{"href":"https:\/\/www.profiautos.com.br\/novosite\/wp-json\/wp\/v2\/product"}],"about":[{"href":"https:\/\/www.profiautos.com.br\/novosite\/wp-json\/wp\/v2\/types\/product"}],"wp:featuredmedia":[{"embeddable":true,"href":"https:\/\/www.profiautos.com.br\/novosite\/wp-json\/wp\/v2\/media\/1807"}],"wp:attachment":[{"href":"https:\/\/www.profiautos.com.br\/novosite\/wp-json\/wp\/v2\/media?parent=1806"}],"wp:term":[{"taxonomy":"product_cat","embeddable":true,"href":"https:\/\/www.profiautos.com.br\/novosite\/wp-json\/wp\/v2\/product_cat?post=1806"},{"taxonomy":"product_tag","embeddable":true,"href":"https:\/\/www.profiautos.com.br\/novosite\/wp-json\/wp\/v2\/product_tag?post=1806"}],"curies":[{"name":"wp","href":"https:\/\/api.w.org\/{rel}","templated":true}]}}