{"id":1792,"date":"2018-04-20T12:53:43","date_gmt":"2018-04-20T15:53:43","guid":{"rendered":"http:\/\/www.profiautos.com.br\/novosite\/?post_type=product&#038;p=1792"},"modified":"2020-08-18T11:59:28","modified_gmt":"2020-08-18T14:59:28","slug":"kit-orings-com-maleta-419-pecas","status":"publish","type":"product","link":"https:\/\/www.profiautos.com.br\/novosite\/produto\/kit-orings-com-maleta-419-pecas\/","title":{"rendered":"KIT ORINGS COM MALETA 419 PE\u00c7AS"},"content":{"rendered":"<p>PARA INFORMA\u00c7\u00d5ES DE VALORES , (85) 9 8732-1854 OU (85) 3034-1103<\/p>\n<p>KIT ORINGS COM MALETA DE 149 PE\u00c7AS :<br \/>\nA veda\u00e7\u00e3o com Kit de ORings com 419 An\u00e9is &#8211; Lee tools \u00e9 um meio de fechar a passagem e prevenir uma indesej\u00e1vel perda ou transfer\u00eancia de fluido, ar ou gases, veda\u00e7\u00e3o tanto est\u00e1tica como din\u00e2mica. Ampla utiliza\u00e7\u00e3o em m\u00e1quinas e equipamentos industriais, hidr\u00e1ulicos e pneum\u00e1ticos, ve\u00edculos automotores, manuten\u00e7\u00e3o geral, ou seja, indispens\u00e1vel para profissionais do ramo ou para eventuais usu\u00e1rios<\/p>\n","protected":false},"excerpt":{"rendered":"<p>PARA INFORMA\u00c7\u00d5ES DE VALORES , (85) 9 8732-1854 OU (85) 3034-1103 KIT ORINGS COM MALETA DE 149 PE\u00c7AS : A veda\u00e7\u00e3o com Kit de ORings com 419 An\u00e9is &#8211; Lee tools \u00e9 um meio de fechar a passagem e prevenir uma indesej\u00e1vel perda ou transfer\u00eancia de fluido, ar ou gases, veda\u00e7\u00e3o tanto est\u00e1tica como din\u00e2mica. [&hellip;]<\/p>\n","protected":false},"featured_media":1793,"template":"","meta":{"_exactmetrics_skip_tracking":false,"_exactmetrics_sitenote_active":false,"_exactmetrics_sitenote_note":"","_exactmetrics_sitenote_category":0},"product_cat":[28],"product_tag":[],"class_list":{"0":"post-1792","1":"product","2":"type-product","3":"status-publish","4":"has-post-thumbnail","6":"product_cat-ar-condicionado","8":"first","9":"instock","10":"taxable","11":"shipping-taxable","12":"product-type-simple"},"_links":{"self":[{"href":"https:\/\/www.profiautos.com.br\/novosite\/wp-json\/wp\/v2\/product\/1792"}],"collection":[{"href":"https:\/\/www.profiautos.com.br\/novosite\/wp-json\/wp\/v2\/product"}],"about":[{"href":"https:\/\/www.profiautos.com.br\/novosite\/wp-json\/wp\/v2\/types\/product"}],"wp:featuredmedia":[{"embeddable":true,"href":"https:\/\/www.profiautos.com.br\/novosite\/wp-json\/wp\/v2\/media\/1793"}],"wp:attachment":[{"href":"https:\/\/www.profiautos.com.br\/novosite\/wp-json\/wp\/v2\/media?parent=1792"}],"wp:term":[{"taxonomy":"product_cat","embeddable":true,"href":"https:\/\/www.profiautos.com.br\/novosite\/wp-json\/wp\/v2\/product_cat?post=1792"},{"taxonomy":"product_tag","embeddable":true,"href":"https:\/\/www.profiautos.com.br\/novosite\/wp-json\/wp\/v2\/product_tag?post=1792"}],"curies":[{"name":"wp","href":"https:\/\/api.w.org\/{rel}","templated":true}]}}