{"id":1788,"date":"2018-04-20T12:47:28","date_gmt":"2018-04-20T15:47:28","guid":{"rendered":"http:\/\/www.profiautos.com.br\/novosite\/?post_type=product&#038;p=1788"},"modified":"2020-08-18T12:00:15","modified_gmt":"2020-08-18T15:00:15","slug":"kit-manifold-suryha","status":"publish","type":"product","link":"https:\/\/www.profiautos.com.br\/novosite\/produto\/kit-manifold-suryha\/","title":{"rendered":"KIT MANIFOLD &#8211; SURYHA"},"content":{"rendered":"<p>PARA INFORMA\u00c7\u00d5ES DE VALORES , (85) 9 8732-1854 OU (85) 3034-1103<\/p>\n<p>Kit Manifold Automotivo C\/ Mangueira 150cm + Engate R\u00e1pido Ajust\u00e1vel | R134 R22 R404<\/p>\n<p>Utiliza\u00e7\u00e3o: Usado para medir a press\u00e3o de determinado g\u00e1s no sistema durante a manuten\u00e7\u00e3o do mesmo. Podem analisar diferentes gases de acordo com a escala indicada no man\u00f4metro.<\/p>\n<p>Caracter\u00edsticas<br \/>\nManifold com dupla veda\u00e7\u00e3o O\u2019RING e prote\u00e7\u00e3o de silicone<br \/>\nEngates ajust\u00e1veis de longa vida \u00fatil, completos com adaptador<br \/>\nConjunto de mangueiras 150cm com refor\u00e7o interno de nylon<br \/>\nMaleta para transporte em PP<\/p>\n","protected":false},"excerpt":{"rendered":"<p>PARA INFORMA\u00c7\u00d5ES DE VALORES , (85) 9 8732-1854 OU (85) 3034-1103 Kit Manifold Automotivo C\/ Mangueira 150cm + Engate R\u00e1pido Ajust\u00e1vel | R134 R22 R404 Utiliza\u00e7\u00e3o: Usado para medir a press\u00e3o de determinado g\u00e1s no sistema durante a manuten\u00e7\u00e3o do mesmo. Podem analisar diferentes gases de acordo com a escala indicada no man\u00f4metro. Caracter\u00edsticas Manifold [&hellip;]<\/p>\n","protected":false},"featured_media":1789,"template":"","meta":{"_exactmetrics_skip_tracking":false,"_exactmetrics_sitenote_active":false,"_exactmetrics_sitenote_note":"","_exactmetrics_sitenote_category":0},"product_cat":[28],"product_tag":[],"class_list":{"0":"post-1788","1":"product","2":"type-product","3":"status-publish","4":"has-post-thumbnail","6":"product_cat-ar-condicionado","8":"first","9":"instock","10":"taxable","11":"shipping-taxable","12":"product-type-simple"},"_links":{"self":[{"href":"https:\/\/www.profiautos.com.br\/novosite\/wp-json\/wp\/v2\/product\/1788"}],"collection":[{"href":"https:\/\/www.profiautos.com.br\/novosite\/wp-json\/wp\/v2\/product"}],"about":[{"href":"https:\/\/www.profiautos.com.br\/novosite\/wp-json\/wp\/v2\/types\/product"}],"wp:featuredmedia":[{"embeddable":true,"href":"https:\/\/www.profiautos.com.br\/novosite\/wp-json\/wp\/v2\/media\/1789"}],"wp:attachment":[{"href":"https:\/\/www.profiautos.com.br\/novosite\/wp-json\/wp\/v2\/media?parent=1788"}],"wp:term":[{"taxonomy":"product_cat","embeddable":true,"href":"https:\/\/www.profiautos.com.br\/novosite\/wp-json\/wp\/v2\/product_cat?post=1788"},{"taxonomy":"product_tag","embeddable":true,"href":"https:\/\/www.profiautos.com.br\/novosite\/wp-json\/wp\/v2\/product_tag?post=1788"}],"curies":[{"name":"wp","href":"https:\/\/api.w.org\/{rel}","templated":true}]}}