{"id":1778,"date":"2018-04-20T11:56:24","date_gmt":"2018-04-20T14:56:24","guid":{"rendered":"http:\/\/www.profiautos.com.br\/novosite\/?post_type=product&#038;p=1778"},"modified":"2020-08-18T12:02:28","modified_gmt":"2020-08-18T15:02:28","slug":"localizador-de-parafuso-com-espelho-eda","status":"publish","type":"product","link":"https:\/\/www.profiautos.com.br\/novosite\/produto\/localizador-de-parafuso-com-espelho-eda\/","title":{"rendered":"LOCALIZADOR DE PARAFUSO COM ESPELHO &#8211; EDA"},"content":{"rendered":"<p>PARA INFORMA\u00c7\u00d5ES DE VALORES , (85) 9 8732-1854 OU (85) 3034-1103<\/p>\n<p>Localiza parafusos ou pequenas pe\u00e7as em locais de dif\u00edcil acesso e pouca visibilidade. Com espelho na extremidade e articulado.<br \/>\n&#8211; Telesc\u00f3pico<br \/>\n&#8211; Articulado<br \/>\n&#8211; Com espelho na extremidade<br \/>\n&#8211; Ideal para localizar de parafusos ou pequenas pe\u00e7as em locais com pouca visibilidade<br \/>\n&#8211; Comprimento encolhido: 20 cm<br \/>\n&#8211; Comprimento total: 60 cm<br \/>\n&#8211; Peso bruto: 40 g<\/p>\n","protected":false},"excerpt":{"rendered":"<p>PARA INFORMA\u00c7\u00d5ES DE VALORES , (85) 9 8732-1854 OU (85) 3034-1103 Localiza parafusos ou pequenas pe\u00e7as em locais de dif\u00edcil acesso e pouca visibilidade. Com espelho na extremidade e articulado. &#8211; Telesc\u00f3pico &#8211; Articulado &#8211; Com espelho na extremidade &#8211; Ideal para localizar de parafusos ou pequenas pe\u00e7as em locais com pouca visibilidade &#8211; Comprimento [&hellip;]<\/p>\n","protected":false},"featured_media":1784,"template":"","meta":{"_exactmetrics_skip_tracking":false,"_exactmetrics_sitenote_active":false,"_exactmetrics_sitenote_note":"","_exactmetrics_sitenote_category":0},"product_cat":[28],"product_tag":[],"class_list":{"0":"post-1778","1":"product","2":"type-product","3":"status-publish","4":"has-post-thumbnail","6":"product_cat-ar-condicionado","8":"first","9":"instock","10":"taxable","11":"shipping-taxable","12":"product-type-simple"},"_links":{"self":[{"href":"https:\/\/www.profiautos.com.br\/novosite\/wp-json\/wp\/v2\/product\/1778"}],"collection":[{"href":"https:\/\/www.profiautos.com.br\/novosite\/wp-json\/wp\/v2\/product"}],"about":[{"href":"https:\/\/www.profiautos.com.br\/novosite\/wp-json\/wp\/v2\/types\/product"}],"wp:featuredmedia":[{"embeddable":true,"href":"https:\/\/www.profiautos.com.br\/novosite\/wp-json\/wp\/v2\/media\/1784"}],"wp:attachment":[{"href":"https:\/\/www.profiautos.com.br\/novosite\/wp-json\/wp\/v2\/media?parent=1778"}],"wp:term":[{"taxonomy":"product_cat","embeddable":true,"href":"https:\/\/www.profiautos.com.br\/novosite\/wp-json\/wp\/v2\/product_cat?post=1778"},{"taxonomy":"product_tag","embeddable":true,"href":"https:\/\/www.profiautos.com.br\/novosite\/wp-json\/wp\/v2\/product_tag?post=1778"}],"curies":[{"name":"wp","href":"https:\/\/api.w.org\/{rel}","templated":true}]}}