{"id":1776,"date":"2018-04-20T11:49:26","date_gmt":"2018-04-20T14:49:26","guid":{"rendered":"http:\/\/www.profiautos.com.br\/novosite\/?post_type=product&#038;p=1776"},"modified":"2020-08-18T12:08:38","modified_gmt":"2020-08-18T15:08:38","slug":"jogo-de-chave-torx-com-8-pecas-king-tony","status":"publish","type":"product","link":"https:\/\/www.profiautos.com.br\/novosite\/produto\/jogo-de-chave-torx-com-8-pecas-king-tony\/","title":{"rendered":"JOGO DE CHAVE TORX COM 8 PE\u00c7AS &#8211; KING TONY"},"content":{"rendered":"<p>PARA INFORMA\u00c7\u00d5ES DE VALORES , (85) 9 8732-1854 OU (85) 3034-1103<br \/>\n\u2022 Jogo de chaves TORX\u00a0 com cabo<br \/>\n\u2022 Haste fabricada em a\u00e7o cromo &#8211; van\u00e1dio<br \/>\n\u2022 Acabamento superficial cromado com ponta preta<br \/>\n\u2022 Cabo com projeto ergon\u00f4mico avan\u00e7ado proporciona\u00a0maior firmeza e torque na hora do aperto<br \/>\n\u2022 Possui uma ponta no cabo com guia<\/p>\n<p>\u2022\u00a0<strong>Composto por 08 pe\u00e7as, sendo:<\/strong><br \/>\n&#8211; T 10 , T 15 , T 20 , T 25 , T 30 , T 40 ,\u00a0 T 45 ,\u00a0 T 50 .<\/p>\n","protected":false},"excerpt":{"rendered":"<p>PARA INFORMA\u00c7\u00d5ES DE VALORES , (85) 9 8732-1854 OU (85) 3034-1103 \u2022 Jogo de chaves TORX\u00a0 com cabo \u2022 Haste fabricada em a\u00e7o cromo &#8211; van\u00e1dio \u2022 Acabamento superficial cromado com ponta preta \u2022 Cabo com projeto ergon\u00f4mico avan\u00e7ado proporciona\u00a0maior firmeza e torque na hora do aperto \u2022 Possui uma ponta no cabo com guia [&hellip;]<\/p>\n","protected":false},"featured_media":1777,"template":"","meta":{"_exactmetrics_skip_tracking":false,"_exactmetrics_sitenote_active":false,"_exactmetrics_sitenote_note":"","_exactmetrics_sitenote_category":0},"product_cat":[28],"product_tag":[],"class_list":{"0":"post-1776","1":"product","2":"type-product","3":"status-publish","4":"has-post-thumbnail","6":"product_cat-ar-condicionado","8":"first","9":"instock","10":"taxable","11":"shipping-taxable","12":"product-type-simple"},"_links":{"self":[{"href":"https:\/\/www.profiautos.com.br\/novosite\/wp-json\/wp\/v2\/product\/1776"}],"collection":[{"href":"https:\/\/www.profiautos.com.br\/novosite\/wp-json\/wp\/v2\/product"}],"about":[{"href":"https:\/\/www.profiautos.com.br\/novosite\/wp-json\/wp\/v2\/types\/product"}],"wp:featuredmedia":[{"embeddable":true,"href":"https:\/\/www.profiautos.com.br\/novosite\/wp-json\/wp\/v2\/media\/1777"}],"wp:attachment":[{"href":"https:\/\/www.profiautos.com.br\/novosite\/wp-json\/wp\/v2\/media?parent=1776"}],"wp:term":[{"taxonomy":"product_cat","embeddable":true,"href":"https:\/\/www.profiautos.com.br\/novosite\/wp-json\/wp\/v2\/product_cat?post=1776"},{"taxonomy":"product_tag","embeddable":true,"href":"https:\/\/www.profiautos.com.br\/novosite\/wp-json\/wp\/v2\/product_tag?post=1776"}],"curies":[{"name":"wp","href":"https:\/\/api.w.org\/{rel}","templated":true}]}}