{"id":1759,"date":"2018-04-19T09:55:50","date_gmt":"2018-04-19T12:55:50","guid":{"rendered":"http:\/\/www.profiautos.com.br\/novosite\/?post_type=product&#038;p=1759"},"modified":"2020-08-18T12:58:57","modified_gmt":"2020-08-18T15:58:57","slug":"raspadeira","status":"publish","type":"product","link":"https:\/\/www.profiautos.com.br\/novosite\/produto\/raspadeira\/","title":{"rendered":"RASPADEIRA"},"content":{"rendered":"<p>PARA INFORMA\u00c7\u00d5ES DE VALORES , (85) 9 8732-1854 OU (85) 3034-1103<br \/>\nEsp\u00e1tula de A\u00e7o Inox modelo 2153 &#8211; possui cabo de madeira ideal para aplica\u00e7\u00e3o de massas e texturas podendo ser utilizadas tamb\u00e9m para a raspagem de tintas envelhecidas.<\/p>\n","protected":false},"excerpt":{"rendered":"<p>PARA INFORMA\u00c7\u00d5ES DE VALORES , (85) 9 8732-1854 OU (85) 3034-1103 Esp\u00e1tula de A\u00e7o Inox modelo 2153 &#8211; possui cabo de madeira ideal para aplica\u00e7\u00e3o de massas e texturas podendo ser utilizadas tamb\u00e9m para a raspagem de tintas envelhecidas.<\/p>\n","protected":false},"featured_media":1760,"template":"","meta":{"_exactmetrics_skip_tracking":false,"_exactmetrics_sitenote_active":false,"_exactmetrics_sitenote_note":"","_exactmetrics_sitenote_category":0},"product_cat":[17],"product_tag":[],"class_list":{"0":"post-1759","1":"product","2":"type-product","3":"status-publish","4":"has-post-thumbnail","6":"product_cat-borracharia","8":"first","9":"instock","10":"taxable","11":"shipping-taxable","12":"product-type-simple"},"_links":{"self":[{"href":"https:\/\/www.profiautos.com.br\/novosite\/wp-json\/wp\/v2\/product\/1759"}],"collection":[{"href":"https:\/\/www.profiautos.com.br\/novosite\/wp-json\/wp\/v2\/product"}],"about":[{"href":"https:\/\/www.profiautos.com.br\/novosite\/wp-json\/wp\/v2\/types\/product"}],"wp:featuredmedia":[{"embeddable":true,"href":"https:\/\/www.profiautos.com.br\/novosite\/wp-json\/wp\/v2\/media\/1760"}],"wp:attachment":[{"href":"https:\/\/www.profiautos.com.br\/novosite\/wp-json\/wp\/v2\/media?parent=1759"}],"wp:term":[{"taxonomy":"product_cat","embeddable":true,"href":"https:\/\/www.profiautos.com.br\/novosite\/wp-json\/wp\/v2\/product_cat?post=1759"},{"taxonomy":"product_tag","embeddable":true,"href":"https:\/\/www.profiautos.com.br\/novosite\/wp-json\/wp\/v2\/product_tag?post=1759"}],"curies":[{"name":"wp","href":"https:\/\/api.w.org\/{rel}","templated":true}]}}