{"id":1747,"date":"2018-04-19T09:16:43","date_gmt":"2018-04-19T12:16:43","guid":{"rendered":"http:\/\/www.profiautos.com.br\/novosite\/?post_type=product&#038;p=1747"},"modified":"2020-08-18T13:01:45","modified_gmt":"2020-08-18T16:01:45","slug":"kit-remendo-com-maleta-jedal","status":"publish","type":"product","link":"https:\/\/www.profiautos.com.br\/novosite\/produto\/kit-remendo-com-maleta-jedal\/","title":{"rendered":"KIT REMENDO COM MALETA &#8211; JEDAL"},"content":{"rendered":"<p>PARA INFORMA\u00c7\u00d5ES DE VALORES , (85) 9 8732-1854 OU (85) 3034-1103<br \/>\n\u2022 Utilizado para reparar furos em pneus sem c\u00e2mara<br \/>\n\u2022 Maior robustez e seguran\u00e7a na utiliza\u00e7\u00e3o<br \/>\n\u2022 Possui todos os itens necess\u00e1rios para o reparo r\u00e1pido do pneu<br \/>\n\u2022 Utiliza\u00e7\u00e3o: para preparar o dano no pneu para receber o reparo. Em seguida, deve-se lubrificar o furo e colocar o reparo no aplicador e introduzi-lo no dano do pneu at\u00e9 encostar no cabo. Retire o aplicador e apare a sobra do reparo com o auxilio do estilete<br \/>\n\u2022 Acompanha Lubrificante<\/p>\n<p>\u2022 Caracter\u00edsticas T\u00e9cnicas:<br \/>\n&#8211; Escareador de furo fabricado em a\u00e7o, com cabo maci\u00e7o<br \/>\n&#8211; Aplicador de reparo em a\u00e7o, com cabo maci\u00e7o<br \/>\n&#8211; Reparo fabricado com fios tran\u00e7ados totalmente envoltos por uma &#8220;liga&#8221; vedante e auto adesiva. Lubrificante para facilitar aplica\u00e7\u00e3o<\/p>\n","protected":false},"excerpt":{"rendered":"<p>PARA INFORMA\u00c7\u00d5ES DE VALORES , (85) 9 8732-1854 OU (85) 3034-1103 \u2022 Utilizado para reparar furos em pneus sem c\u00e2mara \u2022 Maior robustez e seguran\u00e7a na utiliza\u00e7\u00e3o \u2022 Possui todos os itens necess\u00e1rios para o reparo r\u00e1pido do pneu \u2022 Utiliza\u00e7\u00e3o: para preparar o dano no pneu para receber o reparo. Em seguida, deve-se lubrificar [&hellip;]<\/p>\n","protected":false},"featured_media":1748,"template":"","meta":{"_exactmetrics_skip_tracking":false,"_exactmetrics_sitenote_active":false,"_exactmetrics_sitenote_note":"","_exactmetrics_sitenote_category":0},"product_cat":[17],"product_tag":[],"class_list":{"0":"post-1747","1":"product","2":"type-product","3":"status-publish","4":"has-post-thumbnail","6":"product_cat-borracharia","8":"first","9":"instock","10":"taxable","11":"shipping-taxable","12":"product-type-simple"},"_links":{"self":[{"href":"https:\/\/www.profiautos.com.br\/novosite\/wp-json\/wp\/v2\/product\/1747"}],"collection":[{"href":"https:\/\/www.profiautos.com.br\/novosite\/wp-json\/wp\/v2\/product"}],"about":[{"href":"https:\/\/www.profiautos.com.br\/novosite\/wp-json\/wp\/v2\/types\/product"}],"wp:featuredmedia":[{"embeddable":true,"href":"https:\/\/www.profiautos.com.br\/novosite\/wp-json\/wp\/v2\/media\/1748"}],"wp:attachment":[{"href":"https:\/\/www.profiautos.com.br\/novosite\/wp-json\/wp\/v2\/media?parent=1747"}],"wp:term":[{"taxonomy":"product_cat","embeddable":true,"href":"https:\/\/www.profiautos.com.br\/novosite\/wp-json\/wp\/v2\/product_cat?post=1747"},{"taxonomy":"product_tag","embeddable":true,"href":"https:\/\/www.profiautos.com.br\/novosite\/wp-json\/wp\/v2\/product_tag?post=1747"}],"curies":[{"name":"wp","href":"https:\/\/api.w.org\/{rel}","templated":true}]}}