{"id":1745,"date":"2018-04-19T09:09:36","date_gmt":"2018-04-19T12:09:36","guid":{"rendered":"http:\/\/www.profiautos.com.br\/novosite\/?post_type=product&#038;p=1745"},"modified":"2020-08-18T13:06:38","modified_gmt":"2020-08-18T16:06:38","slug":"desforcimetro","status":"publish","type":"product","link":"https:\/\/www.profiautos.com.br\/novosite\/produto\/desforcimetro\/","title":{"rendered":"DESFORCIMETRO"},"content":{"rendered":"<p>PARA INFORMA\u00c7\u00d5ES DE VALORES , (85) 9 8732-1854 OU (85) 3034-1103<\/p>\n<p>Tamb\u00e9m conhecido como \u201cDesforcimetro\u201d, \u00e9 uma ferramenta concebida para facilitar as opera\u00e7\u00f5es de desaperto e aperto de porcas de rodas de caminh\u00f5es e \u00f4nibus durante as trocas\u00a0de pneus, principalmente porcas de est\u00e3o extremamente travadas exigindo um esfor\u00e7o maior.<br \/>\nSua carca\u00e7a \u00e9 fabricada em a\u00e7o fundido de alt\u00edssima resist\u00eancia e n\u00e3o necessita de lubrifica\u00e7\u00e3o interna com \u00f3leo ou graxa.<\/p>\n<p>Multiplica\u00e7\u00e3o\u00a0proporcionada\u00a0de for\u00e7a: 1:69<br \/>\n(Cada 1Kgf aplicado no Solta F\u00e1cil\u00a0gera 69Kgf no soquete)<br \/>\nCarca\u00e7a feita de ferro fundido<br \/>\nRolamento no mancal de entrada<br \/>\nSoquetes de 32 e 33 mm em cromo van\u00e1dio<br \/>\nTorque m\u00e1ximo de sa\u00edda: 4800 NM<br \/>\nComprimento total: 310 mm<br \/>\nPeso: 9 kg<\/p>\n","protected":false},"excerpt":{"rendered":"<p>PARA INFORMA\u00c7\u00d5ES DE VALORES , (85) 9 8732-1854 OU (85) 3034-1103 Tamb\u00e9m conhecido como \u201cDesforcimetro\u201d, \u00e9 uma ferramenta concebida para facilitar as opera\u00e7\u00f5es de desaperto e aperto de porcas de rodas de caminh\u00f5es e \u00f4nibus durante as trocas\u00a0de pneus, principalmente porcas de est\u00e3o extremamente travadas exigindo um esfor\u00e7o maior. Sua carca\u00e7a \u00e9 fabricada em a\u00e7o [&hellip;]<\/p>\n","protected":false},"featured_media":1746,"template":"","meta":{"_exactmetrics_skip_tracking":false,"_exactmetrics_sitenote_active":false,"_exactmetrics_sitenote_note":"","_exactmetrics_sitenote_category":0},"product_cat":[17],"product_tag":[],"class_list":{"0":"post-1745","1":"product","2":"type-product","3":"status-publish","4":"has-post-thumbnail","6":"product_cat-borracharia","8":"first","9":"instock","10":"taxable","11":"shipping-taxable","12":"product-type-simple"},"_links":{"self":[{"href":"https:\/\/www.profiautos.com.br\/novosite\/wp-json\/wp\/v2\/product\/1745"}],"collection":[{"href":"https:\/\/www.profiautos.com.br\/novosite\/wp-json\/wp\/v2\/product"}],"about":[{"href":"https:\/\/www.profiautos.com.br\/novosite\/wp-json\/wp\/v2\/types\/product"}],"wp:featuredmedia":[{"embeddable":true,"href":"https:\/\/www.profiautos.com.br\/novosite\/wp-json\/wp\/v2\/media\/1746"}],"wp:attachment":[{"href":"https:\/\/www.profiautos.com.br\/novosite\/wp-json\/wp\/v2\/media?parent=1745"}],"wp:term":[{"taxonomy":"product_cat","embeddable":true,"href":"https:\/\/www.profiautos.com.br\/novosite\/wp-json\/wp\/v2\/product_cat?post=1745"},{"taxonomy":"product_tag","embeddable":true,"href":"https:\/\/www.profiautos.com.br\/novosite\/wp-json\/wp\/v2\/product_tag?post=1745"}],"curies":[{"name":"wp","href":"https:\/\/api.w.org\/{rel}","templated":true}]}}