{"id":1734,"date":"2018-04-18T17:29:04","date_gmt":"2018-04-18T20:29:04","guid":{"rendered":"http:\/\/www.profiautos.com.br\/novosite\/?post_type=product&#038;p=1734"},"modified":"2020-08-18T13:03:12","modified_gmt":"2020-08-18T16:03:12","slug":"espatula-redonda-de-desembeicar-pneu","status":"publish","type":"product","link":"https:\/\/www.profiautos.com.br\/novosite\/produto\/espatula-redonda-de-desembeicar-pneu\/","title":{"rendered":"ESPATULA REDONDA DE DESEMBEI\u00c7AR PNEU"},"content":{"rendered":"<p>PARA INFORMA\u00c7\u00d5ES DE VALORES , (85) 9 8732-1854 OU (85) 3034-1103<\/p>\n<p>A Tramontina sendo marca de grande reconhecimento no mercado mundial possui uma gigantesca linha de produtos, sempre desenvolvendo os mesmos com o mais alto padr\u00e3o de qualidade em mat\u00e9ria prima e tecnologia.<\/p>\n<p>Tendo como vis\u00e3o a amplitude da linha a marca coloca a disposi\u00e7\u00e3o a Esp\u00e1tula de Remover Pneu, ferramenta de grande utiliza\u00e7\u00e3o em mec\u00e2nicas e borracharias auxiliando na remo\u00e7\u00e3o do pneu do aro de autom\u00f3veis. Esta ferramenta tem corpo redondo feito em a\u00e7o cromo v\u00e1n\u00e1dio com acabamento cromado.<\/p>\n<p><strong>Caracter\u00edsticas Gerais:<\/strong><\/p>\n<ul>\n<li class=\"first odd\">Corpo em a\u00e7o cromo van\u00e1dio.<\/li>\n<li class=\"even\">T\u00eampera total no corpo.<\/li>\n<li class=\"odd\">Extremidades forjadas.<\/li>\n<li class=\"even\">Acabamento cromado.<\/li>\n<li class=\"odd\">Modelos e tamanhos dos mais variados para atender as muitas aplica\u00e7\u00f5es do setor de manuten\u00e7\u00e3o automotiva.<\/li>\n<li class=\"even\">Erguer outros objetos.<\/li>\n<li class=\"odd\">Remover pneus de rodas de autom\u00f3veis e caminh\u00f5es.<\/li>\n<li class=\"even\">As ferramentas s\u00e3o produzidas e testadas conforme normas espec\u00edficas.<\/li>\n<li class=\"last odd\">Tamanho: 24&#8243; x 608mm<\/li>\n<\/ul>\n<p><strong>Orienta\u00e7\u00f5es de uso:<\/strong><\/p>\n<ul>\n<li class=\"first even\">Use \u00f3culos, luvas e outros equipamentos de prote\u00e7\u00e3o individual (EPIs) de acordo com a tarefa a ser executada.<\/li>\n<li class=\"odd\">N\u00e3o golpeie as chaves, a n\u00e3o ser que sejam projetadas para este fim.<\/li>\n<li class=\"even\">Sempre utilize uma chave de bitola correta para cada parafuso ou porca para que n\u00e3o haja folga, pois isso danifica a chave e o parafuso.<\/li>\n<li class=\"odd\">Mantenha a chave limpa para um melhor agarre, pois us\u00e1-la suja com graxa ou \u00f3leo pode causar acidentes.<\/li>\n<li class=\"even\">N\u00e3o use tubos ou extens\u00f5es para obter mais torque.<\/li>\n<li class=\"odd\">N\u00e3o altere a forma original das chaves.<\/li>\n<li class=\"even\">Respeite o torque estabelecido por norma para cada tamanho de chaves.<\/li>\n<li class=\"odd\">Use a chave perpendicular ao eixo do parafuso e\/ou porca. Isto aumenta a vida \u00fatil da ferramenta e torna a opera\u00e7\u00e3o mais segura.<\/li>\n<li class=\"last even\">Armazene em local limpo e seco.<\/li>\n<\/ul>\n","protected":false},"excerpt":{"rendered":"<p>PARA INFORMA\u00c7\u00d5ES DE VALORES , (85) 9 8732-1854 OU (85) 3034-1103 A Tramontina sendo marca de grande reconhecimento no mercado mundial possui uma gigantesca linha de produtos, sempre desenvolvendo os mesmos com o mais alto padr\u00e3o de qualidade em mat\u00e9ria prima e tecnologia. Tendo como vis\u00e3o a amplitude da linha a marca coloca a disposi\u00e7\u00e3o [&hellip;]<\/p>\n","protected":false},"featured_media":1735,"template":"","meta":{"_exactmetrics_skip_tracking":false,"_exactmetrics_sitenote_active":false,"_exactmetrics_sitenote_note":"","_exactmetrics_sitenote_category":0},"product_cat":[17],"product_tag":[],"class_list":{"0":"post-1734","1":"product","2":"type-product","3":"status-publish","4":"has-post-thumbnail","6":"product_cat-borracharia","8":"first","9":"instock","10":"taxable","11":"shipping-taxable","12":"product-type-simple"},"_links":{"self":[{"href":"https:\/\/www.profiautos.com.br\/novosite\/wp-json\/wp\/v2\/product\/1734"}],"collection":[{"href":"https:\/\/www.profiautos.com.br\/novosite\/wp-json\/wp\/v2\/product"}],"about":[{"href":"https:\/\/www.profiautos.com.br\/novosite\/wp-json\/wp\/v2\/types\/product"}],"wp:featuredmedia":[{"embeddable":true,"href":"https:\/\/www.profiautos.com.br\/novosite\/wp-json\/wp\/v2\/media\/1735"}],"wp:attachment":[{"href":"https:\/\/www.profiautos.com.br\/novosite\/wp-json\/wp\/v2\/media?parent=1734"}],"wp:term":[{"taxonomy":"product_cat","embeddable":true,"href":"https:\/\/www.profiautos.com.br\/novosite\/wp-json\/wp\/v2\/product_cat?post=1734"},{"taxonomy":"product_tag","embeddable":true,"href":"https:\/\/www.profiautos.com.br\/novosite\/wp-json\/wp\/v2\/product_tag?post=1734"}],"curies":[{"name":"wp","href":"https:\/\/api.w.org\/{rel}","templated":true}]}}