{"id":1732,"date":"2018-04-18T17:27:36","date_gmt":"2018-04-18T20:27:36","guid":{"rendered":"http:\/\/www.profiautos.com.br\/novosite\/?post_type=product&#038;p=1732"},"modified":"2020-08-18T13:10:56","modified_gmt":"2020-08-18T16:10:56","slug":"chave-para-desembeicar-pneu","status":"publish","type":"product","link":"https:\/\/www.profiautos.com.br\/novosite\/produto\/chave-para-desembeicar-pneu\/","title":{"rendered":"CHAVE PARA DESEMBEI\u00c7AR PNEU"},"content":{"rendered":"<h2>PARA INFORMA\u00c7\u00d5ES DE VALORES , (85) 9 8732-1854 OU (85) 3034-1103<\/h2>\n<p>O trabalho de uma borracharia \u00e9 minucioso e deve ser executado com qualidade, haja vista que disso depende a seguran\u00e7a dos motoristas. Um trabalho mal executado poder\u00e1 ocasionar em graves acidentes, portanto uma oficina que preste um bom servi\u00e7o ir\u00e1 se destacar no mercado. Para isso, o uso das ferramentas adequadas \u00e9 imprescind\u00edvel e dentre elas, est\u00e3o:\u00a0<b>esp\u00e1tula redonda com pontas chatas,\u00a0esp\u00e1tula para borracheiro,\u00a0rodilho para remendo a frio,\u00a0tarraxa sextavada,\u00a0tarraxa \u00f4mega curta para v\u00e1lvula,\u00a0assentador de tal\u00e3o,\u00a0descolador de pneu manual,\u00a0agulha de aplica\u00e7\u00e3o de vipaseal,\u00a0esp\u00e1tula cunha,\u00a0chave para prender tucho, e muito mais. Confira.<\/b><\/p>\n","protected":false},"excerpt":{"rendered":"<p>PARA INFORMA\u00c7\u00d5ES DE VALORES , (85) 9 8732-1854 OU (85) 3034-1103 O trabalho de uma borracharia \u00e9 minucioso e deve ser executado com qualidade, haja vista que disso depende a seguran\u00e7a dos motoristas. Um trabalho mal executado poder\u00e1 ocasionar em graves acidentes, portanto uma oficina que preste um bom servi\u00e7o ir\u00e1 se destacar no mercado. [&hellip;]<\/p>\n","protected":false},"featured_media":1733,"template":"","meta":{"_exactmetrics_skip_tracking":false,"_exactmetrics_sitenote_active":false,"_exactmetrics_sitenote_note":"","_exactmetrics_sitenote_category":0},"product_cat":[17],"product_tag":[],"class_list":{"0":"post-1732","1":"product","2":"type-product","3":"status-publish","4":"has-post-thumbnail","6":"product_cat-borracharia","8":"first","9":"instock","10":"taxable","11":"shipping-taxable","12":"product-type-simple"},"_links":{"self":[{"href":"https:\/\/www.profiautos.com.br\/novosite\/wp-json\/wp\/v2\/product\/1732"}],"collection":[{"href":"https:\/\/www.profiautos.com.br\/novosite\/wp-json\/wp\/v2\/product"}],"about":[{"href":"https:\/\/www.profiautos.com.br\/novosite\/wp-json\/wp\/v2\/types\/product"}],"wp:featuredmedia":[{"embeddable":true,"href":"https:\/\/www.profiautos.com.br\/novosite\/wp-json\/wp\/v2\/media\/1733"}],"wp:attachment":[{"href":"https:\/\/www.profiautos.com.br\/novosite\/wp-json\/wp\/v2\/media?parent=1732"}],"wp:term":[{"taxonomy":"product_cat","embeddable":true,"href":"https:\/\/www.profiautos.com.br\/novosite\/wp-json\/wp\/v2\/product_cat?post=1732"},{"taxonomy":"product_tag","embeddable":true,"href":"https:\/\/www.profiautos.com.br\/novosite\/wp-json\/wp\/v2\/product_tag?post=1732"}],"curies":[{"name":"wp","href":"https:\/\/api.w.org\/{rel}","templated":true}]}}