{"id":1730,"date":"2018-04-18T17:22:47","date_gmt":"2018-04-18T20:22:47","guid":{"rendered":"http:\/\/www.profiautos.com.br\/novosite\/?post_type=product&#038;p=1730"},"modified":"2020-08-18T13:11:15","modified_gmt":"2020-08-18T16:11:15","slug":"chave-de-roda-tipo-l","status":"publish","type":"product","link":"https:\/\/www.profiautos.com.br\/novosite\/produto\/chave-de-roda-tipo-l\/","title":{"rendered":"CHAVE DE RODA TIPO L"},"content":{"rendered":"<p>PARA INFORMA\u00c7\u00d5ES DE VALORES , (85) 9 8732-1854 OU (85) 3034-1103<\/p>\n<p>\u2022 Chave de roda<br \/>\n\u2022 Garante perfeito acoplamento nos parafusos<br \/>\n\u2022 \u00d3tima qualidade e fino acabamento<\/p>\n<p><strong>\u2022<\/strong><span class=\"apple-converted-space\"><strong>\u00a0<\/strong><\/span><strong>Especifica\u00e7\u00f5es T\u00e9cnicas:<\/strong><strong><br \/>\n<\/strong>&#8211; Tipo: L<br \/>\n&#8211; Esp\u00e1tula: Sim<br \/>\n&#8211; Especificar extremidades:\u00a0Uma das extremidades com perfil sextavado e na outra uma esp\u00e1tula<br \/>\n&#8211; Medida dos soquetes: 17 mm<br \/>\n&#8211; Material: A\u00e7o especial<br \/>\n&#8211; Medidas gerais: 290 mm<br \/>\n&#8211; Fun\u00e7\u00e3o: Utilizado para fixar ou soltar parafusos de rodas de ve\u00edculos em geral<\/p>\n","protected":false},"excerpt":{"rendered":"<p>PARA INFORMA\u00c7\u00d5ES DE VALORES , (85) 9 8732-1854 OU (85) 3034-1103 \u2022 Chave de roda \u2022 Garante perfeito acoplamento nos parafusos \u2022 \u00d3tima qualidade e fino acabamento \u2022\u00a0Especifica\u00e7\u00f5es T\u00e9cnicas: &#8211; Tipo: L &#8211; Esp\u00e1tula: Sim &#8211; Especificar extremidades:\u00a0Uma das extremidades com perfil sextavado e na outra uma esp\u00e1tula &#8211; Medida dos soquetes: 17 mm &#8211; [&hellip;]<\/p>\n","protected":false},"featured_media":1731,"template":"","meta":{"_exactmetrics_skip_tracking":false,"_exactmetrics_sitenote_active":false,"_exactmetrics_sitenote_note":"","_exactmetrics_sitenote_category":0},"product_cat":[17],"product_tag":[],"class_list":{"0":"post-1730","1":"product","2":"type-product","3":"status-publish","4":"has-post-thumbnail","6":"product_cat-borracharia","8":"first","9":"instock","10":"taxable","11":"shipping-taxable","12":"product-type-simple"},"_links":{"self":[{"href":"https:\/\/www.profiautos.com.br\/novosite\/wp-json\/wp\/v2\/product\/1730"}],"collection":[{"href":"https:\/\/www.profiautos.com.br\/novosite\/wp-json\/wp\/v2\/product"}],"about":[{"href":"https:\/\/www.profiautos.com.br\/novosite\/wp-json\/wp\/v2\/types\/product"}],"wp:featuredmedia":[{"embeddable":true,"href":"https:\/\/www.profiautos.com.br\/novosite\/wp-json\/wp\/v2\/media\/1731"}],"wp:attachment":[{"href":"https:\/\/www.profiautos.com.br\/novosite\/wp-json\/wp\/v2\/media?parent=1730"}],"wp:term":[{"taxonomy":"product_cat","embeddable":true,"href":"https:\/\/www.profiautos.com.br\/novosite\/wp-json\/wp\/v2\/product_cat?post=1730"},{"taxonomy":"product_tag","embeddable":true,"href":"https:\/\/www.profiautos.com.br\/novosite\/wp-json\/wp\/v2\/product_tag?post=1730"}],"curies":[{"name":"wp","href":"https:\/\/api.w.org\/{rel}","templated":true}]}}