{"id":1723,"date":"2018-04-18T17:09:49","date_gmt":"2018-04-18T20:09:49","guid":{"rendered":"http:\/\/www.profiautos.com.br\/novosite\/?post_type=product&#038;p=1723"},"modified":"2020-08-18T13:12:11","modified_gmt":"2020-08-18T16:12:11","slug":"calibrador-digital","status":"publish","type":"product","link":"https:\/\/www.profiautos.com.br\/novosite\/produto\/calibrador-digital\/","title":{"rendered":"CALIBRADOR DIGITAL"},"content":{"rendered":"<section class=\"ui-view-more vip-section-specs main-section \">\n<div class=\"specs-wrapper\"><\/div>\n<\/section>\n<section class=\"main-section item-description \">\n<h2 class=\"main-section__title item-description__title\">PARA INFORMA\u00c7\u00d5ES DE VALORES , (85) 9 8732-1854 OU (85) 3034-1103<\/h2>\n<div class=\"item-description__content \">\n<div class=\"item-description__text\">\n<p>Calibrador digital de pneus \u00e0 bateria para ve\u00edculos leves com temperatura de trabalho de at\u00e9 40\u00ba C.<\/p>\n<p>&#8211; Faixa de opera\u00e7\u00e3o: 0 a 100 PSI<br \/>\n&#8211; Unidade de opera\u00e7\u00e3o: PSI<br \/>\n&#8211; Gradua\u00e7\u00e3o: 0,5 PSI<br \/>\n&#8211; Fonte de alimenta\u00e7\u00e3o: Bateria de litio 3V<br \/>\n&#8211; Temperatura de trabalho: 0 a 40\u00ba C<br \/>\n&#8211; Para ve\u00edculos leves<br \/>\n&#8211; dimens\u00f5es da embalagem: 21 cm x 11 cm x 3 cm<br \/>\n&#8211; Peso bruto: 80 g<\/p>\n<\/div>\n<\/div>\n<\/section>\n","protected":false},"excerpt":{"rendered":"<p>PARA INFORMA\u00c7\u00d5ES DE VALORES , (85) 9 8732-1854 OU (85) 3034-1103 Calibrador digital de pneus \u00e0 bateria para ve\u00edculos leves com temperatura de trabalho de at\u00e9 40\u00ba C. &#8211; Faixa de opera\u00e7\u00e3o: 0 a 100 PSI &#8211; Unidade de opera\u00e7\u00e3o: PSI &#8211; Gradua\u00e7\u00e3o: 0,5 PSI &#8211; Fonte de alimenta\u00e7\u00e3o: Bateria de litio 3V &#8211; Temperatura [&hellip;]<\/p>\n","protected":false},"featured_media":1722,"template":"","meta":{"_exactmetrics_skip_tracking":false,"_exactmetrics_sitenote_active":false,"_exactmetrics_sitenote_note":"","_exactmetrics_sitenote_category":0},"product_cat":[17],"product_tag":[],"class_list":{"0":"post-1723","1":"product","2":"type-product","3":"status-publish","4":"has-post-thumbnail","6":"product_cat-borracharia","8":"first","9":"instock","10":"taxable","11":"shipping-taxable","12":"product-type-simple"},"_links":{"self":[{"href":"https:\/\/www.profiautos.com.br\/novosite\/wp-json\/wp\/v2\/product\/1723"}],"collection":[{"href":"https:\/\/www.profiautos.com.br\/novosite\/wp-json\/wp\/v2\/product"}],"about":[{"href":"https:\/\/www.profiautos.com.br\/novosite\/wp-json\/wp\/v2\/types\/product"}],"wp:featuredmedia":[{"embeddable":true,"href":"https:\/\/www.profiautos.com.br\/novosite\/wp-json\/wp\/v2\/media\/1722"}],"wp:attachment":[{"href":"https:\/\/www.profiautos.com.br\/novosite\/wp-json\/wp\/v2\/media?parent=1723"}],"wp:term":[{"taxonomy":"product_cat","embeddable":true,"href":"https:\/\/www.profiautos.com.br\/novosite\/wp-json\/wp\/v2\/product_cat?post=1723"},{"taxonomy":"product_tag","embeddable":true,"href":"https:\/\/www.profiautos.com.br\/novosite\/wp-json\/wp\/v2\/product_tag?post=1723"}],"curies":[{"name":"wp","href":"https:\/\/api.w.org\/{rel}","templated":true}]}}