{"id":1663,"date":"2018-04-11T14:35:10","date_gmt":"2018-04-11T17:35:10","guid":{"rendered":"http:\/\/www.profiautos.com.br\/novosite\/?post_type=product&#038;p=1663"},"modified":"2020-08-18T16:58:49","modified_gmt":"2020-08-18T19:58:49","slug":"jogo-de-soquete-robust","status":"publish","type":"product","link":"https:\/\/www.profiautos.com.br\/novosite\/produto\/jogo-de-soquete-robust\/","title":{"rendered":"JOGO DE SOQUETE &#8211; ROBUST"},"content":{"rendered":"<p>PARA INFORMA\u00c7\u00d5ES DE VALORES , (85) 9 8732-1854 OU (85) 3034-1103<\/p>\n<p>&nbsp;<\/p>\n<p>\u2022 Jogo de soquetes Multi-lock com encaixe 1\/2&#8243; e 22 pe\u00e7as<br \/>\n\u2022 Fabricado em a\u00e7o cromo van\u00e1dio<br \/>\n\u2022 Utilizados para parafusos e porcas: quadrado, hexagonal, multidentado e tork<\/p>\n<p><strong>\u2022 Cont\u00e9m:<\/strong><br \/>\n&#8211; 1 Catraca revers\u00edvel<br \/>\n&#8211; 1 Extens\u00e3o 125 mm<br \/>\n&#8211; 1 Extens\u00e3o 250 mm<br \/>\n&#8211; 1 Corpo para Cabo T<br \/>\n&#8211; 1 Junta universal<br \/>\n&#8211; 17 Soquetes de: 10, 11, 12, 13, 14, 15, 16, 17, 18, 19, 20, 21, 22, 24, 27, 30 e 32 mm<br \/>\n&#8211; 1 Maleta pl\u00e1stica para armazenamento e transporte<\/p>\n","protected":false},"excerpt":{"rendered":"<p>PARA INFORMA\u00c7\u00d5ES DE VALORES , (85) 9 8732-1854 OU (85) 3034-1103 &nbsp; \u2022 Jogo de soquetes Multi-lock com encaixe 1\/2&#8243; e 22 pe\u00e7as \u2022 Fabricado em a\u00e7o cromo van\u00e1dio \u2022 Utilizados para parafusos e porcas: quadrado, hexagonal, multidentado e tork \u2022 Cont\u00e9m: &#8211; 1 Catraca revers\u00edvel &#8211; 1 Extens\u00e3o 125 mm &#8211; 1 Extens\u00e3o 250 [&hellip;]<\/p>\n","protected":false},"featured_media":1664,"template":"","meta":{"_exactmetrics_skip_tracking":false,"_exactmetrics_sitenote_active":false,"_exactmetrics_sitenote_note":"","_exactmetrics_sitenote_category":0},"product_cat":[30],"product_tag":[],"class_list":{"0":"post-1663","1":"product","2":"type-product","3":"status-publish","4":"has-post-thumbnail","6":"product_cat-ferramentas","8":"first","9":"instock","10":"taxable","11":"shipping-taxable","12":"product-type-simple"},"_links":{"self":[{"href":"https:\/\/www.profiautos.com.br\/novosite\/wp-json\/wp\/v2\/product\/1663"}],"collection":[{"href":"https:\/\/www.profiautos.com.br\/novosite\/wp-json\/wp\/v2\/product"}],"about":[{"href":"https:\/\/www.profiautos.com.br\/novosite\/wp-json\/wp\/v2\/types\/product"}],"wp:featuredmedia":[{"embeddable":true,"href":"https:\/\/www.profiautos.com.br\/novosite\/wp-json\/wp\/v2\/media\/1664"}],"wp:attachment":[{"href":"https:\/\/www.profiautos.com.br\/novosite\/wp-json\/wp\/v2\/media?parent=1663"}],"wp:term":[{"taxonomy":"product_cat","embeddable":true,"href":"https:\/\/www.profiautos.com.br\/novosite\/wp-json\/wp\/v2\/product_cat?post=1663"},{"taxonomy":"product_tag","embeddable":true,"href":"https:\/\/www.profiautos.com.br\/novosite\/wp-json\/wp\/v2\/product_tag?post=1663"}],"curies":[{"name":"wp","href":"https:\/\/api.w.org\/{rel}","templated":true}]}}