{"id":1661,"date":"2018-04-11T14:31:53","date_gmt":"2018-04-11T17:31:53","guid":{"rendered":"http:\/\/www.profiautos.com.br\/novosite\/?post_type=product&#038;p=1661"},"modified":"2020-08-18T15:12:51","modified_gmt":"2020-08-18T18:12:51","slug":"parafix-soldador-de-para-choque","status":"publish","type":"product","link":"https:\/\/www.profiautos.com.br\/novosite\/produto\/parafix-soldador-de-para-choque\/","title":{"rendered":"PARAFIX &#8211; SOLDADOR DE PARA CHOQUE"},"content":{"rendered":"<div class=\"product-description\">\n<div class=\"description\">\n<div>PARA INFORMA\u00c7\u00d5ES DE VALORES , (85) 9 8732-1854 OU (85) 3034-1103<\/div>\n<div><\/div>\n<div class=\"description-content\">INFORMA\u00c7\u00d5ES GERAIS Acompanha 100 grampos met\u00e1licos Grampeia o para-choque com grampos de a\u00e7o VANTAGENS Equipamento port\u00e1til Baixo custo Tempo de conclus\u00e3o do trabalho muito mais r\u00e1pido do que os m\u00e9todos convencionais APLICA\u00c7\u00d5ES Oficinas de funilaria.<\/div>\n<\/div>\n<\/div>\n<div id=\"product-characteristics-container\">\n<div id=\"product-characteristics\" class=\"product-characteristics\">\n<h2 class=\"section-title\"><\/h2>\n<\/div>\n<\/div>\n","protected":false},"excerpt":{"rendered":"<p>PARA INFORMA\u00c7\u00d5ES DE VALORES , (85) 9 8732-1854 OU (85) 3034-1103 INFORMA\u00c7\u00d5ES GERAIS Acompanha 100 grampos met\u00e1licos Grampeia o para-choque com grampos de a\u00e7o VANTAGENS Equipamento port\u00e1til Baixo custo Tempo de conclus\u00e3o do trabalho muito mais r\u00e1pido do que os m\u00e9todos convencionais APLICA\u00c7\u00d5ES Oficinas de funilaria.<\/p>\n","protected":false},"featured_media":1662,"template":"","meta":{"_exactmetrics_skip_tracking":false,"_exactmetrics_sitenote_active":false,"_exactmetrics_sitenote_note":"","_exactmetrics_sitenote_category":0},"product_cat":[25],"product_tag":[],"class_list":{"0":"post-1661","1":"product","2":"type-product","3":"status-publish","4":"has-post-thumbnail","6":"product_cat-especiais","8":"first","9":"instock","10":"taxable","11":"shipping-taxable","12":"product-type-simple"},"_links":{"self":[{"href":"https:\/\/www.profiautos.com.br\/novosite\/wp-json\/wp\/v2\/product\/1661"}],"collection":[{"href":"https:\/\/www.profiautos.com.br\/novosite\/wp-json\/wp\/v2\/product"}],"about":[{"href":"https:\/\/www.profiautos.com.br\/novosite\/wp-json\/wp\/v2\/types\/product"}],"wp:featuredmedia":[{"embeddable":true,"href":"https:\/\/www.profiautos.com.br\/novosite\/wp-json\/wp\/v2\/media\/1662"}],"wp:attachment":[{"href":"https:\/\/www.profiautos.com.br\/novosite\/wp-json\/wp\/v2\/media?parent=1661"}],"wp:term":[{"taxonomy":"product_cat","embeddable":true,"href":"https:\/\/www.profiautos.com.br\/novosite\/wp-json\/wp\/v2\/product_cat?post=1661"},{"taxonomy":"product_tag","embeddable":true,"href":"https:\/\/www.profiautos.com.br\/novosite\/wp-json\/wp\/v2\/product_tag?post=1661"}],"curies":[{"name":"wp","href":"https:\/\/api.w.org\/{rel}","templated":true}]}}