{"id":1659,"date":"2018-04-11T14:29:04","date_gmt":"2018-04-11T17:29:04","guid":{"rendered":"http:\/\/www.profiautos.com.br\/novosite\/?post_type=product&#038;p=1659"},"modified":"2020-08-18T15:13:09","modified_gmt":"2020-08-18T18:13:09","slug":"jet-facil-schulz","status":"publish","type":"product","link":"https:\/\/www.profiautos.com.br\/novosite\/produto\/jet-facil-schulz\/","title":{"rendered":"JET F\u00c1CIL &#8211; SCHULZ"},"content":{"rendered":"<ul class=\"first last\">\n<li>PARA INFORMA\u00c7\u00d5ES DE VALORES , (85) 9 8732-1854 OU (85) 3034-1103<\/li>\n<\/ul>\n<p>&nbsp;<\/p>\n<ul class=\"first last\">\n<li class=\"first even\">Multiuso em servi\u00e7os leves e atividades profissionais.<\/li>\n<li class=\"odd\">Limpeza de\u00a0pe\u00e7as, objetos, teclados e equipamentos.<\/li>\n<li class=\"even\">Inflamento de\u00a0barcos, bal\u00f5es, boias, piscinas, bolas e pneus (at\u00e9 40 lbf\/pol\u00b2).<\/li>\n<li class=\"odd\">Pinturas dom\u00e9sticas e de\u00a0atelier, de\u00a0lazer, artesanatos, manuten\u00e7\u00e3o, fachadas, pain\u00e9is, com tintas de\u00a0base ou acabamento com a pistola de\u00a0s\u00e9rie, ou de ar direto\u00a0com consumo\u00a0de ar\u00a0at\u00e9 65 l\/min.<\/li>\n<li class=\"even\">Permite o uso de\u00a0tintas de\u00a0base ou acabamento (menos emborrachados).<\/li>\n<li class=\"last odd\">Pulveriza\u00e7\u00e3o com l\u00edquidos de\u00a0prote\u00e7\u00e3o, limpeza e higiene.<\/li>\n<\/ul>\n","protected":false},"excerpt":{"rendered":"<p>PARA INFORMA\u00c7\u00d5ES DE VALORES , (85) 9 8732-1854 OU (85) 3034-1103 &nbsp; Multiuso em servi\u00e7os leves e atividades profissionais. Limpeza de\u00a0pe\u00e7as, objetos, teclados e equipamentos. Inflamento de\u00a0barcos, bal\u00f5es, boias, piscinas, bolas e pneus (at\u00e9 40 lbf\/pol\u00b2). Pinturas dom\u00e9sticas e de\u00a0atelier, de\u00a0lazer, artesanatos, manuten\u00e7\u00e3o, fachadas, pain\u00e9is, com tintas de\u00a0base ou acabamento com a pistola de\u00a0s\u00e9rie, ou [&hellip;]<\/p>\n","protected":false},"featured_media":1660,"template":"","meta":{"_exactmetrics_skip_tracking":false,"_exactmetrics_sitenote_active":false,"_exactmetrics_sitenote_note":"","_exactmetrics_sitenote_category":0},"product_cat":[25],"product_tag":[],"class_list":{"0":"post-1659","1":"product","2":"type-product","3":"status-publish","4":"has-post-thumbnail","6":"product_cat-especiais","8":"first","9":"instock","10":"taxable","11":"shipping-taxable","12":"product-type-simple"},"_links":{"self":[{"href":"https:\/\/www.profiautos.com.br\/novosite\/wp-json\/wp\/v2\/product\/1659"}],"collection":[{"href":"https:\/\/www.profiautos.com.br\/novosite\/wp-json\/wp\/v2\/product"}],"about":[{"href":"https:\/\/www.profiautos.com.br\/novosite\/wp-json\/wp\/v2\/types\/product"}],"wp:featuredmedia":[{"embeddable":true,"href":"https:\/\/www.profiautos.com.br\/novosite\/wp-json\/wp\/v2\/media\/1660"}],"wp:attachment":[{"href":"https:\/\/www.profiautos.com.br\/novosite\/wp-json\/wp\/v2\/media?parent=1659"}],"wp:term":[{"taxonomy":"product_cat","embeddable":true,"href":"https:\/\/www.profiautos.com.br\/novosite\/wp-json\/wp\/v2\/product_cat?post=1659"},{"taxonomy":"product_tag","embeddable":true,"href":"https:\/\/www.profiautos.com.br\/novosite\/wp-json\/wp\/v2\/product_tag?post=1659"}],"curies":[{"name":"wp","href":"https:\/\/api.w.org\/{rel}","templated":true}]}}