{"id":1650,"date":"2018-04-10T17:17:32","date_gmt":"2018-04-10T20:17:32","guid":{"rendered":"http:\/\/www.profiautos.com.br\/novosite\/?post_type=product&#038;p=1650"},"modified":"2021-07-08T10:11:46","modified_gmt":"2021-07-08T13:11:46","slug":"borrifador","status":"publish","type":"product","link":"https:\/\/www.profiautos.com.br\/novosite\/produto\/borrifador\/","title":{"rendered":"BORRIFADOR"},"content":{"rendered":"<p style=\"font-weight: 400;\">Borrifador de compress\u00e3o utilizado para aplica\u00e7\u00e3o precisa de desengordurante nos equipamentos e superf\u00edcies engorduradas de forma segura e eficaz.<\/p>\n","protected":false},"excerpt":{"rendered":"<p>Borrifador de compress\u00e3o utilizado para aplica\u00e7\u00e3o precisa de desengordurante nos equipamentos e superf\u00edcies engorduradas de forma segura e eficaz.<\/p>\n","protected":false},"featured_media":1651,"template":"","meta":{"_exactmetrics_skip_tracking":false,"_exactmetrics_sitenote_active":false,"_exactmetrics_sitenote_note":"","_exactmetrics_sitenote_category":0},"product_cat":[25],"product_tag":[],"class_list":{"0":"post-1650","1":"product","2":"type-product","3":"status-publish","4":"has-post-thumbnail","6":"product_cat-especiais","8":"first","9":"instock","10":"taxable","11":"shipping-taxable","12":"product-type-simple"},"_links":{"self":[{"href":"https:\/\/www.profiautos.com.br\/novosite\/wp-json\/wp\/v2\/product\/1650"}],"collection":[{"href":"https:\/\/www.profiautos.com.br\/novosite\/wp-json\/wp\/v2\/product"}],"about":[{"href":"https:\/\/www.profiautos.com.br\/novosite\/wp-json\/wp\/v2\/types\/product"}],"wp:featuredmedia":[{"embeddable":true,"href":"https:\/\/www.profiautos.com.br\/novosite\/wp-json\/wp\/v2\/media\/1651"}],"wp:attachment":[{"href":"https:\/\/www.profiautos.com.br\/novosite\/wp-json\/wp\/v2\/media?parent=1650"}],"wp:term":[{"taxonomy":"product_cat","embeddable":true,"href":"https:\/\/www.profiautos.com.br\/novosite\/wp-json\/wp\/v2\/product_cat?post=1650"},{"taxonomy":"product_tag","embeddable":true,"href":"https:\/\/www.profiautos.com.br\/novosite\/wp-json\/wp\/v2\/product_tag?post=1650"}],"curies":[{"name":"wp","href":"https:\/\/api.w.org\/{rel}","templated":true}]}}