{"id":1648,"date":"2018-04-10T17:15:09","date_gmt":"2018-04-10T20:15:09","guid":{"rendered":"http:\/\/www.profiautos.com.br\/novosite\/?post_type=product&#038;p=1648"},"modified":"2021-07-08T10:11:53","modified_gmt":"2021-07-08T13:11:53","slug":"piso-emborrachado-tipo-grao-de-arroz","status":"publish","type":"product","link":"https:\/\/www.profiautos.com.br\/novosite\/produto\/piso-emborrachado-tipo-grao-de-arroz\/","title":{"rendered":"PISO EMBORRACHADO TIPO GR\u00c3O DE ARROZ"},"content":{"rendered":"<p>Piso emborrachado tipo gr\u00e3o de arroz cor cinza \u00e9 usado em corredores e escadas, hot\u00e9is, hospitais, edif\u00edcios, cinemas, ind\u00fastrias, escrit\u00f3rios, lojas, escolas, supermercados, shoppings, esta\u00e7\u00f5es de metr\u00f4, garagens, corredores, elevadores, banheiros, etc.<\/p>\n","protected":false},"excerpt":{"rendered":"<p>Piso emborrachado tipo gr\u00e3o de arroz cor cinza \u00e9 usado em corredores e escadas, hot\u00e9is, hospitais, edif\u00edcios, cinemas, ind\u00fastrias, escrit\u00f3rios, lojas, escolas, supermercados, shoppings, esta\u00e7\u00f5es de metr\u00f4, garagens, corredores, elevadores, banheiros, etc.<\/p>\n","protected":false},"featured_media":1649,"template":"","meta":{"_exactmetrics_skip_tracking":false,"_exactmetrics_sitenote_active":false,"_exactmetrics_sitenote_note":"","_exactmetrics_sitenote_category":0},"product_cat":[67],"product_tag":[],"class_list":{"0":"post-1648","1":"product","2":"type-product","3":"status-publish","4":"has-post-thumbnail","6":"product_cat-sem-categoria","8":"first","9":"instock","10":"taxable","11":"shipping-taxable","12":"product-type-simple"},"_links":{"self":[{"href":"https:\/\/www.profiautos.com.br\/novosite\/wp-json\/wp\/v2\/product\/1648"}],"collection":[{"href":"https:\/\/www.profiautos.com.br\/novosite\/wp-json\/wp\/v2\/product"}],"about":[{"href":"https:\/\/www.profiautos.com.br\/novosite\/wp-json\/wp\/v2\/types\/product"}],"wp:featuredmedia":[{"embeddable":true,"href":"https:\/\/www.profiautos.com.br\/novosite\/wp-json\/wp\/v2\/media\/1649"}],"wp:attachment":[{"href":"https:\/\/www.profiautos.com.br\/novosite\/wp-json\/wp\/v2\/media?parent=1648"}],"wp:term":[{"taxonomy":"product_cat","embeddable":true,"href":"https:\/\/www.profiautos.com.br\/novosite\/wp-json\/wp\/v2\/product_cat?post=1648"},{"taxonomy":"product_tag","embeddable":true,"href":"https:\/\/www.profiautos.com.br\/novosite\/wp-json\/wp\/v2\/product_tag?post=1648"}],"curies":[{"name":"wp","href":"https:\/\/api.w.org\/{rel}","templated":true}]}}